{"id":11416,"date":"2024-06-25T16:40:37","date_gmt":"2024-06-25T20:40:37","guid":{"rendered":"https:\/\/rubanrose.wpbeta.vortexdev.com\/?page_id=11416"},"modified":"2025-09-23T15:22:43","modified_gmt":"2025-09-23T19:22:43","slug":"journee-sante-mieux-etre","status":"publish","type":"page","link":"https:\/\/rubanrose.wpbeta.vortexdev.com\/en\/support-me\/other-services\/educational-event\/journee-sante-mieux-etre\/","title":{"rendered":"Journ\u00e9e sant\u00e9 mieux-\u00eatre"},"content":{"rendered":"\n<div class=\"wp-block-columns is-layout-flex wp-container-core-columns-is-layout-28f84493 wp-block-columns-is-layout-flex\">\n<div class=\"wp-block-column is-layout-flow wp-block-column-is-layout-flow\" style=\"flex-basis:33.33%\">\n<div class=\"stickySidebarHTML\">\n<p>Journ\u00e9es sant\u00e9 mieux-\u00eatre<\/p>\n<a href=\"https:\/\/rubanrose.wpbeta.vortexdev.com\/je-cherche\/autres-services\/evenements-educatifs\/journee-sante-mieux-etre\/jsme-chaudiere-appalaches\/\" class=\"link\">JSME Chaudi\u00e8re-Appalaches<\/a>\n        <a href=https:\/\/rubanrose.wpbeta.vortexdev.com\/en\/support-me\/other-services\/educational-event\/journee-sante-mieux-etre\/jsme-sherbrooke-en\/>JSME Sherbrooke<\/a>\n    <\/div>\n<\/div>\n\n\n\n<div class=\"wp-block-column is-layout-flow wp-block-column-is-layout-flow\" style=\"flex-basis:66.66%\">\n<figure class=\"wp-block-image size-full\"><img decoding=\"async\" width=\"888\" height=\"682\" src=\"https:\/\/rubanrose.wpbeta.vortexdev.com\/wp-content\/uploads\/2024\/06\/Logo_-Journee-sante-bien-etre_FCSQ_Logo_JSME_Jaune.png\" alt=\"\" class=\"wp-image-8676\" style=\"aspect-ratio:16\/9;object-fit:cover\" srcset=\"https:\/\/rubanrose.wpbeta.vortexdev.com\/wp-content\/uploads\/2024\/06\/Logo_-Journee-sante-bien-etre_FCSQ_Logo_JSME_Jaune.png 888w, https:\/\/rubanrose.wpbeta.vortexdev.com\/wp-content\/uploads\/2024\/06\/Logo_-Journee-sante-bien-etre_FCSQ_Logo_JSME_Jaune-600x461.png 600w, https:\/\/rubanrose.wpbeta.vortexdev.com\/wp-content\/uploads\/2024\/06\/Logo_-Journee-sante-bien-etre_FCSQ_Logo_JSME_Jaune-300x230.png 300w, https:\/\/rubanrose.wpbeta.vortexdev.com\/wp-content\/uploads\/2024\/06\/Logo_-Journee-sante-bien-etre_FCSQ_Logo_JSME_Jaune-768x590.png 768w\" sizes=\"(max-width: 888px) 100vw, 888px\" \/><\/figure>\n\n\n\n<p>After being diagnosed with breast cancer, each person deals with the news in their own way. In all cases, those affected may experience many changes in their daily lives, and feel worried or overwhelmed. \u202f<\/p>\n\n\n\n<p>The Quebec Breast Cancer Foundation (QBCF) is pleased to present the Journ\u00e9es sant\u00e9 mieux-\u00eatre, in collaboration with the Organisation qu\u00e9b\u00e9coise des personnes atteintes de cancer (OQPAC). The aim of this day is to provide information and concrete tools to help people cope with the changes they are going through, and thus improve their quality of life throughout their cancer care.<\/p>\n\n\n\n<h6 class=\"wp-block-heading has-primary-color has-text-color has-link-color wp-elements-dbcbe867a50a98183158a9cfe6a223c3\">A look back at the Quebec City edition<\/h6>\n\n\n\n<div class=\"wp-block-columns is-layout-flex wp-container-core-columns-is-layout-28f84493 wp-block-columns-is-layout-flex\">\n<div class=\"wp-block-column is-layout-flow wp-block-column-is-layout-flow\">\n<figure class=\"wp-block-image size-large\"><img decoding=\"async\" width=\"1024\" height=\"683\" src=\"https:\/\/rubanrose.wpbeta.vortexdev.com\/wp-content\/uploads\/2024\/06\/JSME_16sept_27-1024x683.jpg\" alt=\"\" class=\"wp-image-8755\" srcset=\"https:\/\/rubanrose.wpbeta.vortexdev.com\/wp-content\/uploads\/2024\/06\/JSME_16sept_27-1024x683.jpg 1024w, https:\/\/rubanrose.wpbeta.vortexdev.com\/wp-content\/uploads\/2024\/06\/JSME_16sept_27-600x400.jpg 600w, https:\/\/rubanrose.wpbeta.vortexdev.com\/wp-content\/uploads\/2024\/06\/JSME_16sept_27-300x200.jpg 300w, https:\/\/rubanrose.wpbeta.vortexdev.com\/wp-content\/uploads\/2024\/06\/JSME_16sept_27-768x512.jpg 768w, https:\/\/rubanrose.wpbeta.vortexdev.com\/wp-content\/uploads\/2024\/06\/JSME_16sept_27-1536x1024.jpg 1536w, https:\/\/rubanrose.wpbeta.vortexdev.com\/wp-content\/uploads\/2024\/06\/JSME_16sept_27.jpg 1920w\" sizes=\"(max-width: 1024px) 100vw, 1024px\" \/><\/figure>\n<\/div>\n\n\n\n<div class=\"wp-block-column is-layout-flow wp-block-column-is-layout-flow\">\n<figure class=\"wp-block-image size-large\"><img decoding=\"async\" width=\"1024\" height=\"683\" src=\"https:\/\/rubanrose.wpbeta.vortexdev.com\/wp-content\/uploads\/2024\/06\/JSME_16sept_15-1024x683.jpg\" alt=\"\" class=\"wp-image-8757\" srcset=\"https:\/\/rubanrose.wpbeta.vortexdev.com\/wp-content\/uploads\/2024\/06\/JSME_16sept_15-1024x683.jpg 1024w, https:\/\/rubanrose.wpbeta.vortexdev.com\/wp-content\/uploads\/2024\/06\/JSME_16sept_15-600x400.jpg 600w, https:\/\/rubanrose.wpbeta.vortexdev.com\/wp-content\/uploads\/2024\/06\/JSME_16sept_15-300x200.jpg 300w, https:\/\/rubanrose.wpbeta.vortexdev.com\/wp-content\/uploads\/2024\/06\/JSME_16sept_15-768x512.jpg 768w, https:\/\/rubanrose.wpbeta.vortexdev.com\/wp-content\/uploads\/2024\/06\/JSME_16sept_15-1536x1024.jpg 1536w, https:\/\/rubanrose.wpbeta.vortexdev.com\/wp-content\/uploads\/2024\/06\/JSME_16sept_15.jpg 1920w\" sizes=\"(max-width: 1024px) 100vw, 1024px\" \/><\/figure>\n<\/div>\n<\/div>\n<\/div>\n<\/div>\n","protected":false},"excerpt":{"rendered":"<p>Journ\u00e9es sant\u00e9 mieux-\u00eatre JSME Chaudi\u00e8re-Appalaches JSME Sherbrooke After being diagnosed with breast cancer, each person deals with the news in their own way. In all cases, those affected may experience many changes in their daily lives, and feel worried or overwhelmed. \u202f The Quebec Breast Cancer Foundation (QBCF) is pleased to present the Journ\u00e9es sant\u00e9&hellip;<\/p>\n","protected":false},"author":7,"featured_media":8677,"parent":4684,"menu_order":0,"comment_status":"closed","ping_status":"closed","template":"","meta":{"_acf_changed":false,"_relevanssi_hide_post":"","_relevanssi_hide_content":"","_relevanssi_pin_for_all":"","_relevanssi_pin_keywords":"","_relevanssi_unpin_keywords":"","_relevanssi_related_keywords":"","_relevanssi_related_include_ids":"","_relevanssi_related_exclude_ids":"","_relevanssi_related_no_append":"","_relevanssi_related_not_related":"","_relevanssi_related_posts":"1411,1578,1505,8122,1515,1396","_relevanssi_noindex_reason":"","footnotes":""},"service":[],"persona":[],"class_list":["post-11416","page","type-page","status-publish","has-post-thumbnail","hentry"],"acf":[],"_links":{"self":[{"href":"https:\/\/rubanrose.wpbeta.vortexdev.com\/en\/wp-json\/wp\/v2\/pages\/11416","targetHints":{"allow":["GET"]}}],"collection":[{"href":"https:\/\/rubanrose.wpbeta.vortexdev.com\/en\/wp-json\/wp\/v2\/pages"}],"about":[{"href":"https:\/\/rubanrose.wpbeta.vortexdev.com\/en\/wp-json\/wp\/v2\/types\/page"}],"author":[{"embeddable":true,"href":"https:\/\/rubanrose.wpbeta.vortexdev.com\/en\/wp-json\/wp\/v2\/users\/7"}],"replies":[{"embeddable":true,"href":"https:\/\/rubanrose.wpbeta.vortexdev.com\/en\/wp-json\/wp\/v2\/comments?post=11416"}],"version-history":[{"count":0,"href":"https:\/\/rubanrose.wpbeta.vortexdev.com\/en\/wp-json\/wp\/v2\/pages\/11416\/revisions"}],"up":[{"embeddable":true,"href":"https:\/\/rubanrose.wpbeta.vortexdev.com\/en\/wp-json\/wp\/v2\/pages\/4684"}],"wp:featuredmedia":[{"embeddable":true,"href":"https:\/\/rubanrose.wpbeta.vortexdev.com\/en\/wp-json\/wp\/v2\/media\/8677"}],"wp:attachment":[{"href":"https:\/\/rubanrose.wpbeta.vortexdev.com\/en\/wp-json\/wp\/v2\/media?parent=11416"}],"wp:term":[{"taxonomy":"service","embeddable":true,"href":"https:\/\/rubanrose.wpbeta.vortexdev.com\/en\/wp-json\/wp\/v2\/service?post=11416"},{"taxonomy":"persona","embeddable":true,"href":"https:\/\/rubanrose.wpbeta.vortexdev.com\/en\/wp-json\/wp\/v2\/persona?post=11416"}],"curies":[{"name":"wp","href":"https:\/\/api.w.org\/{rel}","templated":true}]}}