{"id":4430,"date":"2023-10-17T16:28:54","date_gmt":"2023-10-17T20:28:54","guid":{"rendered":"https:\/\/rubanrose.wpbeta.vortexdev.com\/?page_id=4430"},"modified":"2024-09-10T12:16:40","modified_gmt":"2024-09-10T16:16:40","slug":"my-active-healthtm-nutrition","status":"publish","type":"page","link":"https:\/\/rubanrose.wpbeta.vortexdev.com\/en\/support-me\/healthy-lifestyle-habits\/my-active-healthtm-nutrition\/","title":{"rendered":"My Active Health Nutrition"},"content":{"rendered":"\n<div class=\"wp-block-columns is-layout-flex wp-container-core-columns-is-layout-28f84493 wp-block-columns-is-layout-flex\">\n<div class=\"wp-block-column is-layout-flow wp-block-column-is-layout-flow\">\n  <div class=\"video-popup-block theme-block aligndefault\"\n  >\n\n                      <a href=\"https:\/\/youtu.be\/glDhO_oyQhc?si=X_B2_n9FgCU6GNQW\" aria-label=\"Play video\" data-fancybox target=\"_blank\" rel=\"noopener\">\n            <div class=\"video-block__image\" style=\"background-image:url(https:\/\/i.ytimg.com\/vi\/glDhO_oyQhc\/maxresdefault.jpg);\">\n              <i class=\"icon-play\"><\/i>\n            <\/div>\n          <\/a>\n            \n      <\/div>\n  \n\n\n<p class=\"has-text-align-left\"><a href=\"https:\/\/rubanrose.wpbeta.vortexdev.com\/en\/support-me\/healthy-lifestyle-habits\/my-active-healthtm-nutrition\/my-active-health-nutrition-soya\/\" data-type=\"link\" data-id=\"https:\/\/rubanrose.wpbeta.vortexdev.com\/en\/support-me\/healthy-lifestyle-habits\/my-active-healthtm-nutrition\/my-active-health-nutrition-soya\/\">Show the recipe<\/a><\/p>\n<\/div>\n\n\n\n<div class=\"wp-block-column is-layout-flow wp-block-column-is-layout-flow\">\n  <div class=\"video-popup-block theme-block aligndefault\"\n  >\n\n                      <a href=\"https:\/\/youtu.be\/x_pWmd7_mMo?si=r1K3kgXKl6tWtcAu\" aria-label=\"Play video\" data-fancybox target=\"_blank\" rel=\"noopener\">\n            <div class=\"video-block__image\" style=\"background-image:url(https:\/\/i.ytimg.com\/vi\/x_pWmd7_mMo\/maxresdefault.jpg);\">\n              <i class=\"icon-play\"><\/i>\n            <\/div>\n          <\/a>\n            \n      <\/div>\n  \n\n\n<p class=\"has-text-align-left\"><a href=\"https:\/\/rubanrose.wpbeta.vortexdev.com\/en\/support-me\/healthy-lifestyle-habits\/my-active-healthtm-nutrition\/fiber\/\" data-type=\"link\" data-id=\"https:\/\/rubanrose.wpbeta.vortexdev.com\/en\/support-me\/healthy-lifestyle-habits\/my-active-healthtm-nutrition\/fiber\/\">Show the recipe<\/a><\/p>\n<\/div>\n<\/div>\n\n\n\n<div class=\"wp-block-columns is-layout-flex wp-container-core-columns-is-layout-28f84493 wp-block-columns-is-layout-flex\">\n<div class=\"wp-block-column is-layout-flow wp-block-column-is-layout-flow\">\n  <div class=\"video-popup-block theme-block aligndefault\"\n  >\n\n                      <a href=\"https:\/\/www.youtube.com\/watch?v=In7BgpvqVLg\" aria-label=\"Play video\" data-fancybox target=\"_blank\" rel=\"noopener\">\n            <div class=\"video-block__image\" style=\"background-image:url(https:\/\/i.ytimg.com\/vi\/In7BgpvqVLg\/maxresdefault.jpg);\">\n              <i class=\"icon-play\"><\/i>\n            <\/div>\n          <\/a>\n            \n      <\/div>\n  \n\n\n<p><a href=\"https:\/\/rubanrose.wpbeta.vortexdev.com\/en\/support-me\/healthy-lifestyle-habits\/my-active-healthtm-nutrition\/hydratation\/\" data-type=\"recipe\" data-id=\"4452\">Show the recipe<\/a><\/p>\n<\/div>\n\n\n\n<div class=\"wp-block-column is-layout-flow wp-block-column-is-layout-flow\">\n  <div class=\"video-popup-block theme-block aligndefault\"\n  >\n\n                      <a href=\"https:\/\/www.youtube.com\/watch?v=ZE1lKqqjy0I\" aria-label=\"Play video\" data-fancybox target=\"_blank\" rel=\"noopener\">\n            <div class=\"video-block__image\" style=\"background-image:url(https:\/\/i.ytimg.com\/vi\/ZE1lKqqjy0I\/maxresdefault.jpg);\">\n              <i class=\"icon-play\"><\/i>\n            <\/div>\n          <\/a>\n            \n      <\/div>\n  \n\n\n<p><a href=\"https:\/\/rubanrose.wpbeta.vortexdev.com\/en\/support-me\/healthy-lifestyle-habits\/my-active-healthtm-nutrition\/focus-on-food-quality\/\" data-type=\"recipe\" data-id=\"4590\">Show the recipe<\/a><\/p>\n<\/div>\n<\/div>\n\n\n\n<div class=\"wp-block-columns is-layout-flex wp-container-core-columns-is-layout-28f84493 wp-block-columns-is-layout-flex\">\n<div class=\"wp-block-column is-layout-flow wp-block-column-is-layout-flow\">\n  <div class=\"video-popup-block theme-block aligndefault\"\n  >\n\n                      <a href=\"https:\/\/www.youtube.com\/watch?v=z6lvMpDIAZA\" aria-label=\"Play video\" data-fancybox target=\"_blank\" rel=\"noopener\">\n            <div class=\"video-block__image\" style=\"background-image:url(https:\/\/i.ytimg.com\/vi\/z6lvMpDIAZA\/maxresdefault.jpg);\">\n              <i class=\"icon-play\"><\/i>\n            <\/div>\n          <\/a>\n            \n      <\/div>\n  \n\n\n<p><a href=\"https:\/\/rubanrose.wpbeta.vortexdev.com\/en\/support-me\/healthy-lifestyle-habits\/my-active-healthtm-nutrition\/sugar\/\" data-type=\"recipe\" data-id=\"4596\">Show the recipe<\/a><\/p>\n<\/div>\n\n\n\n<div class=\"wp-block-column is-layout-flow wp-block-column-is-layout-flow\">\n  <div class=\"video-popup-block theme-block aligndefault\"\n  >\n\n                      <a href=\"https:\/\/youtu.be\/WGo0fuqv_7g\" aria-label=\"Play video\" data-fancybox target=\"_blank\" rel=\"noopener\">\n            <div class=\"video-block__image\" style=\"background-image:url(https:\/\/i.ytimg.com\/vi\/WGo0fuqv_7g\/maxresdefault.jpg);\">\n              <i class=\"icon-play\"><\/i>\n            <\/div>\n          <\/a>\n            \n      <\/div>\n  \n\n\n<p><a href=\"https:\/\/rubanrose.wpbeta.vortexdev.com\/en\/support-me\/healthy-lifestyle-habits\/my-active-healthtm-nutrition\/mindful-eating\/\" data-type=\"recipe\" data-id=\"4596\">Show the recipe<\/a><\/p>\n<\/div>\n<\/div>\n\n\n\n<div class=\"wp-block-columns is-layout-flex wp-container-core-columns-is-layout-28f84493 wp-block-columns-is-layout-flex\">\n<div class=\"wp-block-column is-layout-flow wp-block-column-is-layout-flow\">\n  <div class=\"video-popup-block theme-block aligndefault\"\n  >\n\n                      <a href=\"https:\/\/youtu.be\/2nlsh6rQrgI\" aria-label=\"Play video\" data-fancybox target=\"_blank\" rel=\"noopener\">\n            <div class=\"video-block__image\" style=\"background-image:url(https:\/\/i.ytimg.com\/vi\/2nlsh6rQrgI\/maxresdefault.jpg);\">\n              <i class=\"icon-play\"><\/i>\n            <\/div>\n          <\/a>\n            \n      <\/div>\n  \n\n\n<p><a href=\"https:\/\/rubanrose.wpbeta.vortexdev.com\/en\/support-me\/healthy-lifestyle-habits\/my-active-healthtm-nutrition\/taste-changes-disorders-sore-mouth\/\" data-type=\"recipe\" data-id=\"4596\">Show the recipe<\/a><\/p>\n<\/div>\n\n\n\n<div class=\"wp-block-column is-layout-flow wp-block-column-is-layout-flow\">\n  <div class=\"video-popup-block theme-block aligndefault\"\n  >\n\n                      <a href=\"https:\/\/youtu.be\/fpY7823jbAQ\" aria-label=\"Play video\" data-fancybox target=\"_blank\" rel=\"noopener\">\n            <div class=\"video-block__image\" style=\"background-image:url(https:\/\/i.ytimg.com\/vi\/fpY7823jbAQ\/maxresdefault.jpg);\">\n              <i class=\"icon-play\"><\/i>\n            <\/div>\n          <\/a>\n            \n      <\/div>\n  \n\n\n<p><a href=\"https:\/\/rubanrose.wpbeta.vortexdev.com\/en\/support-me\/healthy-lifestyle-habits\/my-active-healthtm-nutrition\/simple-meal\/\" data-type=\"recipe\" data-id=\"4596\">Show the recipe<\/a><\/p>\n<\/div>\n<\/div>\n\n\n\n<div class=\"wp-block-columns is-layout-flex wp-container-core-columns-is-layout-28f84493 wp-block-columns-is-layout-flex\">\n<div class=\"wp-block-column is-layout-flow wp-block-column-is-layout-flow\">\n  <div class=\"video-popup-block theme-block aligndefault\"\n  >\n\n                      <a href=\"https:\/\/youtu.be\/v7ZH3XRZZso\" aria-label=\"Play video\" data-fancybox target=\"_blank\" rel=\"noopener\">\n            <div class=\"video-block__image\" style=\"background-image:url(https:\/\/i.ytimg.com\/vi\/v7ZH3XRZZso\/maxresdefault.jpg);\">\n              <i class=\"icon-play\"><\/i>\n            <\/div>\n          <\/a>\n            \n      <\/div>\n  \n\n\n<p><a href=\"https:\/\/rubanrose.wpbeta.vortexdev.com\/en\/support-me\/healthy-lifestyle-habits\/my-active-healthtm-nutrition\/healthy-appropriate-cooking\/\" data-type=\"recipe\" data-id=\"4596\">Show the recipe<\/a><\/p>\n<\/div>\n\n\n\n<div class=\"wp-block-column is-layout-flow wp-block-column-is-layout-flow\">\n  <div class=\"video-popup-block theme-block aligndefault\"\n  >\n\n                      <a href=\"https:\/\/youtu.be\/QJng2F92k9E\" aria-label=\"Play video\" data-fancybox target=\"_blank\" rel=\"noopener\">\n            <div class=\"video-block__image\" style=\"background-image:url(https:\/\/i.ytimg.com\/vi\/QJng2F92k9E\/maxresdefault.jpg);\">\n              <i class=\"icon-play\"><\/i>\n            <\/div>\n          <\/a>\n            \n      <\/div>\n  \n\n\n<p><a href=\"https:\/\/rubanrose.wpbeta.vortexdev.com\/en\/support-me\/healthy-lifestyle-habits\/my-active-healthtm-nutrition\/cooking-without-contaminating\/\" data-type=\"recipe\" data-id=\"4596\">Show the recipe<\/a><\/p>\n<\/div>\n<\/div>\n\n\n\n<div class=\"wp-block-columns is-layout-flex wp-container-core-columns-is-layout-28f84493 wp-block-columns-is-layout-flex\">\n<div class=\"wp-block-column is-layout-flow wp-block-column-is-layout-flow\">\n  <div class=\"video-popup-block theme-block aligndefault\"\n  >\n\n                      <a href=\"https:\/\/www.youtube.com\/watch?time_continue=1&#038;v=1cFPbDfhmjE&#038;embeds_referring_euri=https%3A%2F%2Frubanrose.org%2F&#038;feature=emb_logo\" aria-label=\"Play video\" data-fancybox target=\"_blank\" rel=\"noopener\">\n            <div class=\"video-block__image\" style=\"background-image:url(https:\/\/i.ytimg.com\/vi\/1cFPbDfhmjE\/maxresdefault.jpg);\">\n              <i class=\"icon-play\"><\/i>\n            <\/div>\n          <\/a>\n            \n      <\/div>\n  \n\n\n<p><a href=\"https:\/\/rubanrose.wpbeta.vortexdev.com\/en\/support-me\/healthy-lifestyle-habits\/my-active-healthtm-nutrition\/proper-storage-foods\/\" data-type=\"recipe\" data-id=\"4596\">Show the recipe<\/a><\/p>\n<\/div>\n\n\n\n<div class=\"wp-block-column is-layout-flow wp-block-column-is-layout-flow\">\n  <div class=\"video-popup-block theme-block aligndefault\"\n  >\n\n                      <a href=\"https:\/\/youtu.be\/do335BQjxUo\" aria-label=\"Play video\" data-fancybox target=\"_blank\" rel=\"noopener\">\n            <div class=\"video-block__image\" style=\"background-image:url(https:\/\/i.ytimg.com\/vi\/do335BQjxUo\/maxresdefault.jpg);\">\n              <i class=\"icon-play\"><\/i>\n            <\/div>\n          <\/a>\n            \n      <\/div>\n  \n\n\n<p><a href=\"https:\/\/rubanrose.wpbeta.vortexdev.com\/en\/support-me\/healthy-lifestyle-habits\/my-active-healthtm-nutrition\/cooking-without-contaminating\/\" data-type=\"recipe\" data-id=\"4596\">Show the recipe<\/a><\/p>\n<\/div>\n<\/div>\n\n\n\n<p>The <strong>My Active Health<\/strong> program, launched in 2017, aims to help people affected by breast cancer adopt and maintain a healthy lifestyle.<\/p>\n\n\n\n<p>Initially, this program focused primarily on physical activity; however, diet quality and alcohol consumption play an equally important role in health, disease progression and quality of life for people at all stages of breast cancer. <a href=\"https:\/\/rubanrose.wpbeta.vortexdev.com\/en\/support-me\/my-active-health\/my-active-health-program\/\">My Active Health Program | Fondation cancer du sein du Qu\u00e9bec (rubanrose.org)<\/a><\/p>\n\n\n\n<p>This is why the Quebec Breast Cancer Foundation decided to enhance this free support program and launch <strong>My Active Health Nutrition <\/strong>in 2023.<\/p>\n\n\n\n<p>The nutrition component<strong> of My Active Health<\/strong> aims to help people with breast cancer <strong>adopt and maintain a healthy and appropriate diet <\/strong>after diagnosis and achieve greater <strong>food independence<\/strong> in the long-term.<\/p>\n\n\n\n  <section class=\"title-with-subtitle__container theme-block is-style-subtitle-big aligndefault \"\n    >\n\n\n    <div class=\"title-with-subtitle__innerblocks-container\">\n  <section class=\"title-with-subtitle theme-block alignfull is-style-heading-size-2 aligndefault has-text-align-left\"\n    >\n   <h2>              <span class=\"title-with-subtitle__subtitle\">\n          Why        <\/span>\n      \n              My Active Health Nutrition?            <\/h2>  <\/section>\n\n<\/div>\n\n  <\/section>\n\n\n\n<p>Eating well after a breast cancer diagnosis is not always easy. The side effects of breast cancer and the treatments can affect eating and the enjoyment of it, and make it difficult to adopt a healthy diet.<\/p>\n\n\n\n<p>Despite these challenges, it is possible to eat well by adapting to the changes caused by the disease, but also by better counteracting them. Moving daily and adjusting your diet can help maintain proper nutritional intake, fight against fatigue, mitigate certain side effects, prevent certain complications, and reclaim the pleasure and simplicity of mealtimes.<\/p>\n\n\n\n  <section class=\"title-with-subtitle__container theme-block is-style-subtitle-big aligndefault \"\n    >\n\n\n    <div class=\"title-with-subtitle__innerblocks-container\">\n  <section class=\"title-with-subtitle theme-block alignfull is-style-heading-size-2 aligndefault has-text-align-left\"\n    >\n   <h2>              <span class=\"title-with-subtitle__subtitle\">\n          What is        <\/span>\n      \n              My Active Health Nutrition?            <\/h2>  <\/section>\n\n<\/div>\n\n  <\/section>\n\n\n\n<p><strong>My Active Health Nutrition <\/strong>offers educational content, information, and resources to support people with breast cancer and their loved ones in their quest for a healthy and appropriate diet, one bite at a time.<\/p>\n\n\n\n<p>The <strong>nutrition component of the My Active Health<\/strong> program includes educational videos hosted by H\u00e9l\u00e8ne Laurendeau and featuring women affected by breast cancer. These videos address various topics to help you better understand the changes that can affect your diet after diagnosis, provide concrete solutions, and to dispel the myths surrounding breast cancer and diet.<\/p>\n\n\n\n<p><strong>My Active Health Nutrition<\/strong> also offers simple and adapted recipes to illustrate these various notions, reduce mental stress and develop the motivation to cook, in a simple way.<\/p>\n\n\n\n<p>You can also connect with others through our online community. Join the <a href=\"https:\/\/www.facebook.com\/groups\/MaSanteActive\" target=\"_blank\" rel=\"noopener\"><strong>My Active Health<\/strong><\/a> private Facebook group (mainly in French) to share recipes and tips and develop and maintain your motivation to eat well.<\/p>\n\n\n\n<h3 class=\"wp-block-heading has-text-align-center has-primary-color has-text-color has-link-color has-avenir-font-family wp-elements-3b397dfd2c4cbd18e04e01bb587629da\" style=\"font-style:normal;font-weight:600\">FAQ<\/h3>\n\n\n\n<div class=\"block-accordions-group theme-block theme-block--innerblock aligndefault\">\n    <span class=\"theme-block__label\">Accordions<\/span>\n  \n    \n<div class=\"block-accordion  theme-block theme-block--innerblock aligndefault\">\n    <span class=\"theme-block__label\">Accordion<\/span>\n    <h4 class=\"block-accordion__title\">Is the content of My Active Health Nutrition suitable for breast cancer prevention? <\/h4>\n    \n\n<p>Yes. Although the content of My Active Health Nutrition has been designed and developed primarily for the needs of people who have been diagnosed with breast cancer, the advice includes some of the main principles of a healthy and balanced diet, which can be applied both in the prevention and remission of breast cancer.<\/p>\n\n\n<\/div>\n\n                    \n\n\n<div class=\"block-accordion  theme-block theme-block--innerblock aligndefault\">\n    <span class=\"theme-block__label\">Accordion<\/span>\n    <h4 class=\"block-accordion__title\">Does My Active Health Nutrition\u2019s advice replace that of a health professional? <\/h4>\n    \n\n<p>No. My Active Health Nutrition offers general information only, which does not replace the recommendations of your healthcare professional. It is recommended that you follow the advice of your healthcare team.<\/p>\n\n\n<\/div>\n\n                    \n\n\n<div class=\"block-accordion  theme-block theme-block--innerblock aligndefault\">\n    <span class=\"theme-block__label\">Accordion<\/span>\n    <h4 class=\"block-accordion__title\">How can I get in contact with a dietitian for personalized advice? <\/h4>\n    \n\n<p>Members of your healthcare team can refer you to a nutritionist for personalized advice. Moreover, it is best to always consult a member of your healthcare team before taking supplements or starting a specific diet or if you have any doubts about your diet. The<a href=\"https:\/\/odnq.org\/\" target=\"_blank\" rel=\"noopener\"> <strong>Ordre des di\u00e9t\u00e9tistes nutritionnistes du Qu\u00e9bec<\/strong><\/a> can also refer you to a nutrition professional in your area.<\/p>\n\n\n<\/div>\n\n                    \n\n\n<div class=\"block-accordion  theme-block theme-block--innerblock aligndefault\">\n    <span class=\"theme-block__label\">Accordion<\/span>\n    <h4 class=\"block-accordion__title\">Is there a focus group where I can connect with others who want to adopt a healthy lifestyle after a breast cancer diagnosis? <\/h4>\n    \n\n<p>Yes! Join the <a href=\"https:\/\/www.facebook.com\/groups\/MaSanteActive\" target=\"_blank\" rel=\"noopener\"><strong>My Active Health<\/strong><\/a> private Facebook group (mainly in French) to discuss and share your knowledge through the online community and develop the motivation to eat healthy and be more active on a daily basis!<\/p>\n\n\n<\/div>\n\n                    \n\n\n<div class=\"block-accordion  theme-block theme-block--innerblock aligndefault\">\n    <span class=\"theme-block__label\">Accordion<\/span>\n    <h4 class=\"block-accordion__title\">How often will content and videos be posted? <\/h4>\n    \n\n<p>Two videos will be posted each month over the next few months, until the end of 2023. These videos will be accompanied by information to help you learn more about each topic.<\/p>\n\n\n<\/div>\n\n                    \n\n\n<div class=\"block-accordion  theme-block theme-block--innerblock aligndefault\">\n    <span class=\"theme-block__label\">Accordion<\/span>\n    <h4 class=\"block-accordion__title\">Who can I contact to suggest content for My Active Health Nutrition? <\/h4>\n    \n\n<p>Please feel free to share your ideas, food-related challenges, tips or comments with us at <a href=\"mailto:info@rubanrose.org\">info@rubanrose.org<\/a>.<\/p>\n\n\n<\/div>\n\n                    \n\n\n<div class=\"block-accordion  theme-block theme-block--innerblock aligndefault\">\n    <span class=\"theme-block__label\">Accordion<\/span>\n    <h4 class=\"block-accordion__title\">What other resources are available to help me adopt a healthy lifestyle? <\/h4>\n    \n\n<p>Find all the information and our free support services to help you be more active in your everyday life, one step at a time, by visiting the My Active Health Physical Activity page. You can enjoy <a href=\"https:\/\/rubanrose.wpbeta.vortexdev.com\/en\/support-me\/my-active-health\/my-active-health-services\/\">free oncology yoga sessions<\/a>, either in person or virtually. The Foundation also sponsors five dragon boat teams each year: <a href=\"http:\/\/www.twoabreast.ca\/about_us.php\" target=\"_blank\" rel=\"noopener\">Two abreast \/ c\u00f4te \u00e0 c\u00f4te<\/a> (Montreal), <a href=\"https:\/\/www.seincreau.com\/seincreau\" target=\"_blank\" rel=\"noopener\">Seincr\u2019eau<\/a> (Montreal), <a href=\"https:\/\/westislanddragons.ca\/\" target=\"_blank\" rel=\"noopener\">West Island Dragons <\/a>&nbsp;(Montreal) <a href=\"http:\/\/viseavie.com\/\" target=\"_blank\" rel=\"noopener\">Vise-\u00e0-vie<\/a> (Quebec City) and <a href=\"https:\/\/www.rosedesvents.com\/bateau-dragon-les-phenix\/\" target=\"_blank\" rel=\"noopener\">Les Ph\u00e9nix de La Rose des vents<\/a> (Sherbrooke). We encourage you to contact them to become a team player!<\/p>\n\n\n<\/div>\n\n                    \n\n\n<\/div>\n","protected":false},"excerpt":{"rendered":"<p>Show the recipe Show the recipe Show the recipe Show the recipe Show the recipe Show the recipe Show the recipe Show the recipe Show the recipe Show the recipe Show the recipe Show the recipe The My Active Health program, launched in 2017, aims to help people affected by breast cancer adopt and maintain&hellip;<\/p>\n","protected":false},"author":1,"featured_media":0,"parent":4117,"menu_order":0,"comment_status":"closed","ping_status":"closed","template":"","meta":{"_acf_changed":false,"_relevanssi_hide_post":"","_relevanssi_hide_content":"","_relevanssi_pin_for_all":"","_relevanssi_pin_keywords":"","_relevanssi_unpin_keywords":"","_relevanssi_related_keywords":"","_relevanssi_related_include_ids":"","_relevanssi_related_exclude_ids":"","_relevanssi_related_no_append":"","_relevanssi_related_not_related":"","_relevanssi_related_posts":"1341,1539,1392,1499,1443,1337","_relevanssi_noindex_reason":"","footnotes":""},"service":[204],"persona":[198,199],"class_list":["post-4430","page","type-page","status-publish","hentry","service-help-to-adopt-a-healthy-lifestyle","persona-metastatic","persona-affected-person-0-3"],"acf":[],"_links":{"self":[{"href":"https:\/\/rubanrose.wpbeta.vortexdev.com\/en\/wp-json\/wp\/v2\/pages\/4430","targetHints":{"allow":["GET"]}}],"collection":[{"href":"https:\/\/rubanrose.wpbeta.vortexdev.com\/en\/wp-json\/wp\/v2\/pages"}],"about":[{"href":"https:\/\/rubanrose.wpbeta.vortexdev.com\/en\/wp-json\/wp\/v2\/types\/page"}],"author":[{"embeddable":true,"href":"https:\/\/rubanrose.wpbeta.vortexdev.com\/en\/wp-json\/wp\/v2\/users\/1"}],"replies":[{"embeddable":true,"href":"https:\/\/rubanrose.wpbeta.vortexdev.com\/en\/wp-json\/wp\/v2\/comments?post=4430"}],"version-history":[{"count":0,"href":"https:\/\/rubanrose.wpbeta.vortexdev.com\/en\/wp-json\/wp\/v2\/pages\/4430\/revisions"}],"up":[{"embeddable":true,"href":"https:\/\/rubanrose.wpbeta.vortexdev.com\/en\/wp-json\/wp\/v2\/pages\/4117"}],"wp:attachment":[{"href":"https:\/\/rubanrose.wpbeta.vortexdev.com\/en\/wp-json\/wp\/v2\/media?parent=4430"}],"wp:term":[{"taxonomy":"service","embeddable":true,"href":"https:\/\/rubanrose.wpbeta.vortexdev.com\/en\/wp-json\/wp\/v2\/service?post=4430"},{"taxonomy":"persona","embeddable":true,"href":"https:\/\/rubanrose.wpbeta.vortexdev.com\/en\/wp-json\/wp\/v2\/persona?post=4430"}],"curies":[{"name":"wp","href":"https:\/\/api.w.org\/{rel}","templated":true}]}}