{"id":4505,"date":"2023-10-02T16:56:11","date_gmt":"2023-10-02T20:56:11","guid":{"rendered":"https:\/\/rubanrose.wpbeta.vortexdev.com\/?page_id=4505"},"modified":"2026-01-07T13:24:52","modified_gmt":"2026-01-07T18:24:52","slug":"mission-values-and-vision","status":"publish","type":"page","link":"https:\/\/rubanrose.wpbeta.vortexdev.com\/en\/about\/the-foundation\/mission-values-and-vision\/","title":{"rendered":"Mission, values and vision"},"content":{"rendered":"\n  <section class=\"title-with-subtitle__container theme-block is-style-subtitle-big aligndefault \"\n    >\n\n\n    <div class=\"title-with-subtitle__innerblocks-container\">\n  <section class=\"title-with-subtitle theme-block alignfull is-style-heading-size-2 aligndefault has-text-align-left\"\n    >\n   <h2>              <span class=\"title-with-subtitle__subtitle\">\n          Our        <\/span>\n      \n              vision            <\/h2>  <\/section>\n\n<\/div>\n\n  <\/section>\n\n\n\n<p>Day in and day out, the Foundation\u2019s team members are driven by a shared vision: A future without breast cancer.<\/p>\n\n\n\n  <section class=\"title-with-subtitle__container theme-block is-style-subtitle-big aligndefault \"\n    >\n\n\n    <div class=\"title-with-subtitle__innerblocks-container\">\n  <section class=\"title-with-subtitle theme-block alignfull is-style-heading-size-2 aligndefault has-text-align-left\"\n    >\n   <h2>              <span class=\"title-with-subtitle__subtitle\">\n          Our        <\/span>\n      \n              mission            <\/h2>  <\/section>\n\n<\/div>\n\n  <\/section>\n\n\n\n  <section class=\"bordered-background theme-block has-off-white-background-color aligndefault has-text-align-left\"\n    >\n\n\n    <div class=\"acf-innerblocks-container\">\n\n<div class=\"wp-block-columns is-layout-flex wp-container-core-columns-is-layout-28f84493 wp-block-columns-is-layout-flex\">\n<div class=\"wp-block-column is-layout-flow wp-block-column-is-layout-flow\" style=\"flex-basis:33.33%\">\n<figure class=\"wp-block-image size-full\"><img decoding=\"async\" width=\"779\" height=\"779\" src=\"https:\/\/rubanrose.wpbeta.vortexdev.com\/wp-content\/uploads\/2023\/10\/1677246678016.jpg\" alt=\"\" class=\"wp-image-1903\" srcset=\"https:\/\/rubanrose.wpbeta.vortexdev.com\/wp-content\/uploads\/2023\/10\/1677246678016.jpg 779w, https:\/\/rubanrose.wpbeta.vortexdev.com\/wp-content\/uploads\/2023\/10\/1677246678016-600x600.jpg 600w, https:\/\/rubanrose.wpbeta.vortexdev.com\/wp-content\/uploads\/2023\/10\/1677246678016-100x100.jpg 100w, https:\/\/rubanrose.wpbeta.vortexdev.com\/wp-content\/uploads\/2023\/10\/1677246678016-300x300.jpg 300w, https:\/\/rubanrose.wpbeta.vortexdev.com\/wp-content\/uploads\/2023\/10\/1677246678016-150x150.jpg 150w, https:\/\/rubanrose.wpbeta.vortexdev.com\/wp-content\/uploads\/2023\/10\/1677246678016-768x768.jpg 768w\" sizes=\"(max-width: 779px) 100vw, 779px\" \/><\/figure>\n<\/div>\n\n\n\n<div class=\"wp-block-column is-layout-flow wp-block-column-is-layout-flow\" style=\"flex-basis:66.66%\">\n<h3 class=\"wp-block-heading\" style=\"margin-top:0;margin-right:0;margin-bottom:0;margin-left:0\">Karine-Iseult Ippersiel<\/h3>\n\n\n\n  <section class=\"business-card theme-block wysiwyg\"\n    >\n\n  \n    \n          <span class=\"business-card__title\">President and CEO<\/span>\n                <div class=\"business-card__contact\">\n              <a href=\"mailto:kippersiel@rubanrose.org\" class=\"business-card__email\">kippersiel@rubanrose.org<\/a>\n                    <span class=\"business-card__phone\">Poste 231<\/span>\n          <\/div>\n      <\/section>\n\n\n\n<h4 class=\"wp-block-heading has-primary-color has-text-color\">A word from our Chairwoman<\/h4>\n\n\n\n<blockquote class=\"wp-block-quote is-layout-flow wp-block-quote-is-layout-flow\">\n<p>The Quebec Breast Cancer Foundation is the only non-profit charitable organization dedicated to making investments for the benefit of the province\u2019s breast cancer patients and its scientific and medical community, with every dollar its many fundraisers and activities raise.<\/p>\n<\/blockquote>\n<\/div>\n<\/div>\n\n<\/div>\n\n\n  \n  <\/section>\n\n\n\n<p>For 30 years, we have been committed to defending the interests and well-being of people affected by breast cancer and their loved ones. Our contribution is especially noteworthy in the area of medical and scientific advances. We invest in innovation and cutting-edge research and in patient-support programs, ranging from prevention to cure.<\/p>\n\n\n\n<p>Every day, the Quebec Breast Cancer Foundation works to save lives and improve the quality of life of people living with breast cancer by:<\/p>\n\n\n\n<ul class=\"wp-block-list\">\n<li>Funding research and innovation,<\/li>\n\n\n\n<li>Defending patient rights and offering support,<\/li>\n\n\n\n<li>Generating cutting-edge knowledge and a sense of community,<\/li>\n\n\n\n<li>Leading prevention and education, activities and raising awareness.<\/li>\n<\/ul>\n\n\n\n  <section class=\"title-with-subtitle__container theme-block is-style-subtitle-big aligndefault \"\n    >\n\n\n    <div class=\"title-with-subtitle__innerblocks-container\">\n  <section class=\"title-with-subtitle theme-block alignfull is-style-heading-size-2 aligndefault has-text-align-left\"\n    >\n   <h2>              <span class=\"title-with-subtitle__subtitle\">\n          Our        <\/span>\n      \n              values            <\/h2>  <\/section>\n\n<\/div>\n\n  <\/section>\n\n\n\n<div class=\"block-accordions-group theme-block theme-block--innerblock aligndefault\">\n    <span class=\"theme-block__label\">Accordions<\/span>\n  \n    \n<div class=\"block-accordion  theme-block theme-block--innerblock aligndefault\">\n    <span class=\"theme-block__label\">Accordion<\/span>\n    <h4 class=\"block-accordion__title\">Compassion<\/h4>\n    \n\n<p>Compassion for those with breast cancer and their loved ones inspires the dedication of everyone involved with the Foundation. We always give priority to the interests of the people we defend, support and represent. We believe in a future in which breast cancer no longer takes lives, and so we are fully invested in fighting this disease.<\/p>\n\n\n<\/div>\n\n                    \n\n\n<div class=\"block-accordion  theme-block theme-block--innerblock aligndefault\">\n    <span class=\"theme-block__label\">Accordion<\/span>\n    <h4 class=\"block-accordion__title\">Integrity<\/h4>\n    \n\n<p>Integrity is one of the Foundation\u2019s core values, and we never take our special relationship with our donors, partners and volunteers for granted. Integrity is at the heart of everything we do and it guides our every decision. We respect our commitments, and each and every one of our members acts consistently, responsibly and transparently.<\/p>\n\n\n<\/div>\n\n                    \n\n\n<div class=\"block-accordion  theme-block theme-block--innerblock aligndefault\">\n    <span class=\"theme-block__label\">Accordion<\/span>\n    <h4 class=\"block-accordion__title\">Innovation<\/h4>\n    \n\n<p>A force that combines creativity, self-confidence, knowledge and courage, innovation allows us to think outside the box and go that extra mile, to lead the way and to inspire. Thanks to our team\u2019s many talents, we suggest and innovate, both in our fundraising projects and in our investments in research and support to benefit those affected.<\/p>\n\n\n<\/div>\n\n                    \n\n\n<div class=\"block-accordion  theme-block theme-block--innerblock aligndefault\">\n    <span class=\"theme-block__label\">Accordion<\/span>\n    <h4 class=\"block-accordion__title\">Impact<\/h4>\n    \n\n<p>Our expertise and vision allow us to invest our energies and resources in projects that have a measurable and lasting impact, not only to optimize every dollar raised, but also to ensure that our actions make a real difference for people with breast cancer, now and in the future. Our impact can be measured by the changes we bring about.<\/p>\n\n\n<\/div>\n\n                    \n\n\n<\/div>\n\n\n\n<blockquote class=\"wp-block-quote is-layout-flow wp-block-quote-is-layout-flow\">\n<p class=\"has-text-color has-link-color wp-elements-91b4ad99ffd842bfb5e1ca33b83b06b3\"><em><em>Those of us at the Foundation are in love with life! This passion shines through the projects we support, the activities we organize and take part in (even after office hours!) and, of course, our daily work. We give 110% because we truly care about the people we help and those we work with.<\/em><\/em><\/p>\n<\/blockquote>\n\n\n\n<h2 class=\"wp-block-heading\">History<\/h2>\n\n\n\n  <section class=\"bordered-background theme-block has-off-white-background-color aligndefault has-text-align-left\"\n    >\n\n\n    <div class=\"acf-innerblocks-container\">\n\n<div class=\"wp-block-columns is-layout-flex wp-container-core-columns-is-layout-28f84493 wp-block-columns-is-layout-flex\">\n<div class=\"wp-block-column is-vertically-aligned-center is-layout-flow wp-block-column-is-layout-flow\" style=\"flex-basis:25%\">\n<figure class=\"wp-block-image size-full\"><img decoding=\"async\" width=\"300\" height=\"300\" src=\"https:\/\/rubanrose.wpbeta.vortexdev.com\/wp-content\/uploads\/2023\/10\/pam_mclernon.jpg\" alt=\"\" class=\"wp-image-3200\" style=\"aspect-ratio:3\/4;object-fit:cover\" srcset=\"https:\/\/rubanrose.wpbeta.vortexdev.com\/wp-content\/uploads\/2023\/10\/pam_mclernon.jpg 300w, https:\/\/rubanrose.wpbeta.vortexdev.com\/wp-content\/uploads\/2023\/10\/pam_mclernon-100x100.jpg 100w, https:\/\/rubanrose.wpbeta.vortexdev.com\/wp-content\/uploads\/2023\/10\/pam_mclernon-150x150.jpg 150w\" sizes=\"(max-width: 300px) 100vw, 300px\" \/><\/figure>\n<\/div>\n\n\n\n<div class=\"wp-block-column is-layout-flow wp-block-column-is-layout-flow\" style=\"flex-basis:75%\">\n<h3 class=\"wp-block-heading\" style=\"margin-top:0;margin-bottom:0\">Pam McLernon<\/h3>\n\n\n\n<p>Founder<\/p>\n\n\n\n<div style=\"height:25px\" aria-hidden=\"true\" class=\"wp-block-spacer\"><\/div>\n\n\n\n<blockquote class=\"wp-block-quote is-layout-flow wp-block-quote-is-layout-flow\">\n<p><em><em>Looking back on how far we have come, I am so very proud to have seized this opportunity more than 20 years ago. What the Foundation has become exceeds my expectations<\/em>.<\/em><\/p>\n<\/blockquote>\n<\/div>\n<\/div>\n\n<\/div>\n\n\n  \n  <\/section>\n\n\n\n  <section class=\"title-with-subtitle__container theme-block is-style-subtitle-big aligndefault \"\n    >\n\n\n    <div class=\"title-with-subtitle__innerblocks-container\">\n  <section class=\"title-with-subtitle theme-block alignfull is-style-heading-size-2 aligndefault has-text-align-left\"\n    >\n   <h2>              <span class=\"title-with-subtitle__subtitle\">\n          In the        <\/span>\n      \n              Beginning&#8230;            <\/h2>  <\/section>\n\n<\/div>\n\n  <\/section>\n\n\n\n<p>There was no organization in Montr\u00e9al dedicated to fighting breast cancer. When this illness affected several members of her family, Pam McLernon felt helpless and didn\u2019t know how to support them. It was from this social and family situation that her desire to make a difference saw the light of day. Encouraged by a renowned Montr\u00e9al oncologist, Pam decided to set up a volunteer organization of women from various backgrounds who were totally dedicated to the cause.<\/p>\n\n\n\n<p>&nbsp;In 1994, these pioneers held their first fundraising event at the Montr\u00e9al Botanical Gardens. Called \u201cDans le jardin,\u201d this cocktail event sought to raise $500,000 to fund research by Dr. David Fleiszer and his team and the MGH Breast Cancer Diagnosis Clinic. To reach this financial goal, the women on the board challenged themselves to each sell more than 100 tickets in their personal and professional networks. And they did it! This first success kicked off the organization\u2019s tremendous growth.<\/p>\n\n\n\n<p>Over the years, thanks to the thousands of donors, volunteers and partners who have placed their trust in the organization, the Foundation has developed and become ever more professional. To reflect its new and broader actions to fulfil its mission, the Foundation changed its name from the original Montreal Breast Cancer Foundation to the Quebec Breast Cancer Foundation.<\/p>\n\n\n\n<p>These bold, courageous women laid the foundations of a movement that today has invested more than $50 million in funding research, support and education!<\/p>\n\n\n\n  <section class=\"title-with-subtitle__container theme-block is-style-subtitle-big aligndefault \"\n    >\n\n\n    <div class=\"title-with-subtitle__innerblocks-container\">\n  <section class=\"title-with-subtitle theme-block alignfull is-style-heading-size-2 aligndefault has-text-align-left\"\n    >\n   <h2>              <span class=\"title-with-subtitle__subtitle\">\n          Today,        <\/span>\n      \n              The horizon is rosier            <\/h2>  <\/section>\n\n<\/div>\n\n  <\/section>\n\n\n\n<p>Thanks to your contributions and generosity, the Quebec Breast Cancer Foundation is known as a leader in medical and scientific innovation in the field of breast cancer. It partners with associations that promote women\u2019s daily quality of life. The Foundation carries out its prevention and education role through awareness raising and education. It constantly encourages Quebecers to adopt healthy lifestyle habits and defends the rights and interests of women and men affected by breast cancer. Today, the Foundation is recognized as a leader in breast cancer.<\/p>\n\n\n\n<p>Together, let\u2019s continue to move toward a future in which no one dies of breast cancer!<\/p>\n\n\n\n  <section class=\"title-with-subtitle__container theme-block is-style-subtitle-big aligndefault \"\n    >\n\n\n    <div class=\"title-with-subtitle__innerblocks-container\">\n  <section class=\"title-with-subtitle theme-block alignfull is-style-heading-size-2 aligndefault has-text-align-left\"\n    >\n   <h2>              <span class=\"title-with-subtitle__subtitle\">\n          Certificates        <\/span>\n      \n              and Merit            <\/h2>  <\/section>\n\n<\/div>\n\n  <\/section>\n\n\n\n<p>Discover the accreditations, certifications and awards our Foundation has received. Our team stands out due to its know-how, good governance practices and strategic orientations, and keeps innovating to maximize the support the Foundation offers to people affected by breast cancer and their loved ones.<\/p>\n\n\n\n<div class=\"wp-block-media-text is-stacked-on-mobile\" style=\"grid-template-columns:25% auto\"><figure class=\"wp-block-media-text__media\"><img decoding=\"async\" width=\"1024\" height=\"275\" src=\"https:\/\/rubanrose.wpbeta.vortexdev.com\/wp-content\/uploads\/2023\/10\/Entreprise-en-sante-NIVEAU3-2022-1536x413-1-1024x275.png\" alt=\"\" class=\"wp-image-3215 size-full\" srcset=\"https:\/\/rubanrose.wpbeta.vortexdev.com\/wp-content\/uploads\/2023\/10\/Entreprise-en-sante-NIVEAU3-2022-1536x413-1-1024x275.png 1024w, https:\/\/rubanrose.wpbeta.vortexdev.com\/wp-content\/uploads\/2023\/10\/Entreprise-en-sante-NIVEAU3-2022-1536x413-1-600x161.png 600w, https:\/\/rubanrose.wpbeta.vortexdev.com\/wp-content\/uploads\/2023\/10\/Entreprise-en-sante-NIVEAU3-2022-1536x413-1-300x81.png 300w, https:\/\/rubanrose.wpbeta.vortexdev.com\/wp-content\/uploads\/2023\/10\/Entreprise-en-sante-NIVEAU3-2022-1536x413-1-768x207.png 768w, https:\/\/rubanrose.wpbeta.vortexdev.com\/wp-content\/uploads\/2023\/10\/Entreprise-en-sante-NIVEAU3-2022-1536x413-1.png 1536w\" sizes=\"(max-width: 1024px) 100vw, 1024px\" \/><\/figure><div class=\"wp-block-media-text__content\">\n  <section class=\"title-with-subtitle__container theme-block is-style-subtitle-big aligndefault \"\n    >\n\n\n    <div class=\"title-with-subtitle__innerblocks-container\">\n  <section class=\"title-with-subtitle theme-block alignfull is-style-heading-size-2 aligndefault has-text-align-left\"\n    >\n   <h2>              <span class=\"title-with-subtitle__subtitle\">\n          Healthy enterprise        <\/span>\n      \n              Certification            <\/h2>  <\/section>\n\n<\/div>\n\n  <\/section>\n\n\n\n<p>On June 6, 2022, the Quebec Breast Cancer Foundation was honored to be awarded the highest certification of recognition Healthy Enterprise Level 3.<\/p>\n\n\n\n<p>Inspired by the best practices of the Healthy Enterprise standard, this approach has 3 levels of implementation. The Healthy Enterprise Group offers recognition for each level completed to highlight our achievements for employee health and wellness.<\/p>\n\n\n\n<p>At the Foundation, we are committed to implementing actions that promote a safe and healthy work environment and sound management practices that allow individuals to develop professionally and personally.<\/p>\n<\/div><\/div>\n\n\n\n<div class=\"wp-block-media-text has-media-on-the-right is-stacked-on-mobile\" style=\"grid-template-columns:auto 20%\"><div class=\"wp-block-media-text__content\">\n  <section class=\"title-with-subtitle__container theme-block is-style-subtitle-big aligndefault \"\n    >\n\n\n    <div class=\"title-with-subtitle__innerblocks-container\">\n  <section class=\"title-with-subtitle theme-block alignfull is-style-heading-size-2 aligndefault has-text-align-left\"\n    >\n   <h2>              <span class=\"title-with-subtitle__subtitle\">\n          Quality         <\/span>\n      \n              Commitment Seal            <\/h2>  <\/section>\n\n<\/div>\n\n  <\/section>\n\n\n\n<p>In February 2021, the Foundation was awarded the Quality Commitment Seal by the Comit\u00e9 d\u00e9cisionnel du Conseil qu\u00e9b\u00e9cois d\u2019agr\u00e9ment. Engagement Qualit\u00e9 is an evaluation process adapted to the community environment that is similar to the accreditation process for health and social services institutions. The Quality Commitment seal publicly attests to the sound management and quality of practices of a community organization.<\/p>\n\n\n\n<p>In addition to providing the community sector with a rigorous and credible program for recognizing the quality of practices, Quality Commitment aims to<\/p>\n\n\n\n<ul class=\"wp-block-list\">\n<li>Engage community cancer organizations in a continuous improvement process<\/li>\n\n\n\n<li>Reassure decision-makers and professionals about the quality of services offered by community organizations<\/li>\n\n\n\n<li>Facilitate networking between health care institutions and community organizations<\/li>\n\n\n\n<li>Increase the recognition, credibility and reputation of community organizations<\/li>\n<\/ul>\n<\/div><figure class=\"wp-block-media-text__media\"><img decoding=\"async\" width=\"644\" height=\"646\" src=\"https:\/\/rubanrose.wpbeta.vortexdev.com\/wp-content\/uploads\/2023\/10\/cqa-logo-1.png\" alt=\"\" class=\"wp-image-3221 size-full\" srcset=\"https:\/\/rubanrose.wpbeta.vortexdev.com\/wp-content\/uploads\/2023\/10\/cqa-logo-1.png 644w, https:\/\/rubanrose.wpbeta.vortexdev.com\/wp-content\/uploads\/2023\/10\/cqa-logo-1-600x602.png 600w, https:\/\/rubanrose.wpbeta.vortexdev.com\/wp-content\/uploads\/2023\/10\/cqa-logo-1-100x100.png 100w, https:\/\/rubanrose.wpbeta.vortexdev.com\/wp-content\/uploads\/2023\/10\/cqa-logo-1-300x300.png 300w, https:\/\/rubanrose.wpbeta.vortexdev.com\/wp-content\/uploads\/2023\/10\/cqa-logo-1-150x150.png 150w\" sizes=\"(max-width: 644px) 100vw, 644px\" \/><\/figure><\/div>\n\n\n\n<div class=\"wp-block-media-text is-stacked-on-mobile\" style=\"grid-template-columns:40% auto\"><figure class=\"wp-block-media-text__media\"><img decoding=\"async\" width=\"1024\" height=\"684\" src=\"https:\/\/rubanrose.wpbeta.vortexdev.com\/wp-content\/uploads\/2023\/10\/O-groupe_HR-1024x684.jpg\" alt=\"\" class=\"wp-image-3226 size-full\" srcset=\"https:\/\/rubanrose.wpbeta.vortexdev.com\/wp-content\/uploads\/2023\/10\/O-groupe_HR-1024x684.jpg 1024w, https:\/\/rubanrose.wpbeta.vortexdev.com\/wp-content\/uploads\/2023\/10\/O-groupe_HR-600x401.jpg 600w, https:\/\/rubanrose.wpbeta.vortexdev.com\/wp-content\/uploads\/2023\/10\/O-groupe_HR-300x200.jpg 300w, https:\/\/rubanrose.wpbeta.vortexdev.com\/wp-content\/uploads\/2023\/10\/O-groupe_HR-768x513.jpg 768w, https:\/\/rubanrose.wpbeta.vortexdev.com\/wp-content\/uploads\/2023\/10\/O-groupe_HR-1536x1026.jpg 1536w, https:\/\/rubanrose.wpbeta.vortexdev.com\/wp-content\/uploads\/2023\/10\/O-groupe_HR.jpg 1920w\" sizes=\"(max-width: 1024px) 100vw, 1024px\" \/><\/figure><div class=\"wp-block-media-text__content\">\n  <section class=\"title-with-subtitle__container theme-block is-style-subtitle-big aligndefault \"\n    >\n\n\n    <div class=\"title-with-subtitle__innerblocks-container\">\n  <section class=\"title-with-subtitle theme-block alignfull is-style-heading-size-2 aligndefault has-text-align-left\"\n    >\n   <h2>              <span class=\"title-with-subtitle__subtitle\">\n          Volunteering tribute &#8211;         <\/span>\n      \n              Qu\u00e9bec Award            <\/h2>  <\/section>\n\n<\/div>\n\n  <\/section>\n\n\n\n<p>On April 9, 2019, the Foundation received one of the Quebec government\u2019s highest honours for voluntary action, the Hommage b\u00e9n\u00e9volat-Qu\u00e9bec Award. This award recognizes the Foundation\u2019s development of innovative strategies, guidance and support of volunteers and promotion of their positive impact in our community.<\/p>\n\n\n\n<p>The Foundation cares about the well-being of its volunteers. This is why it selects stimulating tasks based on volunteers\u2019 interests, passions and needs and thus contribute to personal and professional growth. The Foundation guides its volunteers, whether they are spreading word about the cause, organizing and holding events or doing administrative work, to makes sure each is trained and fully included in the team.&nbsp;&nbsp;<\/p>\n<\/div><\/div>\n","protected":false},"excerpt":{"rendered":"<p>Day in and day out, the Foundation\u2019s team members are driven by a shared vision: A future without breast cancer. For 30 years, we have been committed to defending the interests and well-being of people affected by breast cancer and their loved ones. Our contribution is especially noteworthy in the area of medical and scientific&hellip;<\/p>\n","protected":false},"author":1,"featured_media":0,"parent":4150,"menu_order":0,"comment_status":"closed","ping_status":"closed","template":"","meta":{"_acf_changed":false,"_relevanssi_hide_post":"","_relevanssi_hide_content":"","_relevanssi_pin_for_all":"","_relevanssi_pin_keywords":"","_relevanssi_unpin_keywords":"","_relevanssi_related_keywords":"","_relevanssi_related_include_ids":"","_relevanssi_related_exclude_ids":"","_relevanssi_related_no_append":"","_relevanssi_related_not_related":"","_relevanssi_related_posts":"1545,1463,1323,1443,1335,1350","_relevanssi_noindex_reason":"","footnotes":""},"service":[],"persona":[],"class_list":["post-4505","page","type-page","status-publish","hentry"],"acf":[],"_links":{"self":[{"href":"https:\/\/rubanrose.wpbeta.vortexdev.com\/en\/wp-json\/wp\/v2\/pages\/4505","targetHints":{"allow":["GET"]}}],"collection":[{"href":"https:\/\/rubanrose.wpbeta.vortexdev.com\/en\/wp-json\/wp\/v2\/pages"}],"about":[{"href":"https:\/\/rubanrose.wpbeta.vortexdev.com\/en\/wp-json\/wp\/v2\/types\/page"}],"author":[{"embeddable":true,"href":"https:\/\/rubanrose.wpbeta.vortexdev.com\/en\/wp-json\/wp\/v2\/users\/1"}],"replies":[{"embeddable":true,"href":"https:\/\/rubanrose.wpbeta.vortexdev.com\/en\/wp-json\/wp\/v2\/comments?post=4505"}],"version-history":[{"count":0,"href":"https:\/\/rubanrose.wpbeta.vortexdev.com\/en\/wp-json\/wp\/v2\/pages\/4505\/revisions"}],"up":[{"embeddable":true,"href":"https:\/\/rubanrose.wpbeta.vortexdev.com\/en\/wp-json\/wp\/v2\/pages\/4150"}],"wp:attachment":[{"href":"https:\/\/rubanrose.wpbeta.vortexdev.com\/en\/wp-json\/wp\/v2\/media?parent=4505"}],"wp:term":[{"taxonomy":"service","embeddable":true,"href":"https:\/\/rubanrose.wpbeta.vortexdev.com\/en\/wp-json\/wp\/v2\/service?post=4505"},{"taxonomy":"persona","embeddable":true,"href":"https:\/\/rubanrose.wpbeta.vortexdev.com\/en\/wp-json\/wp\/v2\/persona?post=4505"}],"curies":[{"name":"wp","href":"https:\/\/api.w.org\/{rel}","templated":true}]}}