{"id":4662,"date":"2023-10-13T13:27:49","date_gmt":"2023-10-13T17:27:49","guid":{"rendered":"https:\/\/rubanrose.wpbeta.vortexdev.com\/?page_id=4662"},"modified":"2024-10-28T11:27:36","modified_gmt":"2024-10-28T15:27:36","slug":"side-effects-of-treatments","status":"publish","type":"page","link":"https:\/\/rubanrose.wpbeta.vortexdev.com\/en\/inform-me\/after-the-diagnosis\/consequences-and-side-effects-of-the-disease\/side-effects-of-treatments\/","title":{"rendered":"Side effects of treatments"},"content":{"rendered":"\n  <section class=\"title-with-subtitle__container theme-block is-style-subtitle-big aligndefault \"\n    >\n\n\n    <div class=\"title-with-subtitle__innerblocks-container\">\n  <section class=\"title-with-subtitle theme-block alignfull is-style-heading-size-2 aligndefault has-text-align-left\"\n    >\n   <h2>              <span class=\"title-with-subtitle__subtitle\">\n          Managing        <\/span>\n      \n              side effects             <\/h2>  <\/section>\n\n<\/div>\n\n  <\/section>\n\n\n\n<p>Breast cancer treatment can affect your physical, cognitive, <a href=\"https:\/\/rubanrose.wpbeta.vortexdev.com\/en\/inform-me\/after-the-diagnosis\/consequences-and-side-effects-of-the-disease\/emotional-impacts\/\">emotional<\/a> and psychological well-being. No side effects should be ignored. If you notice any changes that worry you after treatment or if you\u2019re unsure, connect with your healthcare team right away. They will be able to provide you with advice tailored to your situation to help you feel better.<\/p>\n\n\n\n<p>You can also check out our <a href=\"https:\/\/rubanrose.wpbeta.vortexdev.com\/en\/support-me\/other-services\/resources-directory\/\">resources directory<\/a> to find services geared toward your needs in your area.<\/p>\n\n\n\n  <section class=\"title-with-subtitle__container theme-block is-style-subtitle-big aligndefault \"\n    >\n\n\n    <div class=\"title-with-subtitle__innerblocks-container\">\n\n<h2 class=\"wp-block-heading\"><strong>Lymphedema<\/strong><\/h2>\n\n<\/div>\n\n  <\/section>\n\n\n\n<p>Lymphedema is swelling due to a buildup of lymph fluid in the soft tissues near the organ where the lymph nodes have been removed or damaged by treatment. It is characterized by swelling of the arm and hand and difficulty moving the limb. Lymphedema can be caused by sentinel biopsy, axillary dissection, breast surgery and radiation therapy, and can lead to certain complications in people being treated for breast cancer.<\/p>\n\n\n\n<p>Here are some precautions to take to reduce the risk of arm lymphedema appearing or worsening after surgery:<\/p>\n\n\n\n<ul class=\"wp-block-list\">\n<li>Wear sunscreen to avoid sunburn.<\/li>\n\n\n\n<li>Protect your hands and arms from trauma such as insect bites, cuts, pet scratches, burns, etc.<\/li>\n\n\n\n<li>Avoid substances that irritate your skin.<\/li>\n\n\n\n<li>If you have an open wound, wash the area, apply an antibacterial ointment and cover it to avoid infection.<\/li>\n\n\n\n<li>Consult a healthcare professional as soon as symptoms of infection appear (skin rash, redness, itching, pain, inflammation, increased temperature or fever and general discomfort).<\/li>\n\n\n\n<li>Ideally, have your blood pressure taken on the arm that hasn\u2019t been affected by the operation.<\/li>\n\n\n\n<li>If possible, don\u2019t receive injections or infusions, and don\u2019t have blood drawn from the arm that\u2019s been affected by the operation (due to the risk of infection).<\/li>\n\n\n\n<li>As much as possible, avoid exposure to high temperatures (hot baths, saunas, spas and sun), as heat can cause swelling.<\/li>\n\n\n\n<li>Regularly engage in appropriate physical activity to promote lymphatic circulation; for example, arm strengthening exercises (with weights or elastic bands) and cardiovascular exercises. Our <a href=\"https:\/\/rubanrose.wpbeta.vortexdev.com\/en\/support-me\/healthy-lifestyle-habits\/my-active-healthmc-physical-activity\/msa-program\/\">My Active Health program<\/a> can help you maintain an active lifestyle.<\/li>\n\n\n\n<li>Return to normal physical activities gradually. Set short-term goals\u2014the important thing is to move daily.<\/li>\n<\/ul>\n\n\n\n<p>Research has also shown that lymphedema is more common in people who are overweight or who have gained weight since surgery. It is therefore recommended to adopt as wholesome a lifestyle as possible to help maintain a healthy weight.<\/p>\n\n\n\n<p>For more information, see the <a href=\"https:\/\/www.chumontreal.qc.ca\/sites\/default\/files\/2020-02\/386-2-lymphoed%C3%A8me.pdf\" target=\"_blank\" rel=\"noreferrer noopener\">leaflet on lymphedema produced by the Centre hospitalier de l\u2019Universit\u00e9 de Montr\u00e9al<\/a> (in French), the <a href=\"https:\/\/infolympho.ca\/en\/\" target=\"_blank\" rel=\"noreferrer noopener\">Lymphedema Association of Qu\u00e9bec<\/a> website, and the <a href=\"https:\/\/santemonteregie.net\/formation\/capsule2\/story.html\" target=\"_blank\" rel=\"noreferrer noopener\">educational video on the prevention and treatment of lymphedema<\/a> developed by the CISSS de la Mont\u00e9r\u00e9gie-Centre (in French).<\/p>\n\n\n\n  <section class=\"title-with-subtitle__container theme-block is-style-subtitle-big aligndefault \"\n    >\n\n\n    <div class=\"title-with-subtitle__innerblocks-container\">\n  <section class=\"title-with-subtitle theme-block alignfull is-style-heading-size-2 aligndefault has-text-align-left\"\n    >\n   <h2>              <span class=\"title-with-subtitle__subtitle\">\n          Peripheral        <\/span>\n      \n              neuropathy            <\/h2>  <\/section>\n\n<\/div>\n\n  <\/section>\n\n\n\n<p>Certain chemotherapy drugs can cause damage to the nervous system (neuropathy) and lead to symptoms that occur mainly in the extremities, including:<\/p>\n\n\n\n<ul class=\"wp-block-list\">\n<li>Numbness or tingling in the hands or feet;<\/li>\n\n\n\n<li>Itching or burning in the hands or feet;<\/li>\n\n\n\n<li>Pain or discomfort;<\/li>\n\n\n\n<li>Muscle weakness or cramps;<\/li>\n\n\n\n<li>Loss of sensation or unusual sensations on contact with objects;<\/li>\n\n\n\n<li>Change in sensitivity to heat or cold; and<\/li>\n\n\n\n<li>Loss of balance, clumsiness or coordination problems.<\/li>\n<\/ul>\n\n\n\n<p>The type and intensity of symptoms vary greatly from person to person, depending largely on the type of chemotherapy and the dose received. These symptoms are often temporary but can sometimes last longer or appear months or years after treatment.<\/p>\n\n\n\n<p>No symptoms should be ignored. If any changes appear or worsen, or if they don\u2019t go away after stopping treatment, contact your healthcare team right away. They will be able to advise you on how to find relief or may decide to adjust your treatment until the symptoms subside.<\/p>\n\n\n\n<p>While there is no treatment for peripheral neuropathy, certain medications and strategies can be used to prevent or relieve symptoms to help you better cope with it. Your healthcare team will be able to advise you on the most appropriate strategies for your situation. These may include:<\/p>\n\n\n\n<ul class=\"wp-block-list\">\n<li>A change in your treatment;<\/li>\n\n\n\n<li>Medication for pain and discomfort;<\/li>\n\n\n\n<li>Certain supplements;<\/li>\n\n\n\n<li>Physiotherapy or occupational therapy;<\/li>\n\n\n\n<li>Complementary therapies such as mindfulness meditation, <a href=\"https:\/\/rubanrose.wpbeta.vortexdev.com\/en\/support-me\/healthy-lifestyle-habits\/my-active-healthmc-physical-activity\/my-yoga\/\">yoga<\/a>, reiki, massage, acupuncture and transcutaneous nerve stimulation. The Foundation provides free access to oncological yoga.<\/li>\n\n\n\n<li>Preventive measures:\n<ul class=\"wp-block-list\">\n<li>Handling sharp objects or other dangerous instruments carefully.<\/li>\n\n\n\n<li>Not walking barefoot and wearing shoes that provide good support.<\/li>\n\n\n\n<li>Protecting hands and feet from heat and cold.<\/li>\n\n\n\n<li>If balance is affected, moving around carefully and creating a safe environment.<\/li>\n<\/ul>\n<\/li>\n<\/ul>\n\n\n\n<p>To learn more about peripheral neuropathy, see the <a href=\"https:\/\/www.chumontreal.qc.ca\/sites\/default\/files\/2022-02\/930-1-problemes-aux-nerfs-lies-aux-traitements-contre-le-cancer-les-neuropathies-peripheriques.pdf\" target=\"_blank\" rel=\"noreferrer noopener\">leaflet on nerve problems associated with cancer treatment produced by the Centre hospitalier de l\u2019Universit\u00e9 de Montr\u00e9al<\/a> (in French), the Canadian Breast Cancer Network\u2019s blog post titled <a href=\"https:\/\/www.cbcn.ca\/en\/blog\/our-stories\/side-effects-neuropathy\" target=\"_blank\" rel=\"noreferrer noopener\">Helping you live better with Chemo Induced Neuropathy<\/a>, and the <a href=\"https:\/\/www.santemonteregie.net\/formation\/capsule7\/story_html5.html\" target=\"_blank\" rel=\"noreferrer noopener\">educational video on the prevention and relief of chemotherapy-induced peripheral neuropathy<\/a> developed by the CISSS de la Mont\u00e9r\u00e9gie-Centre (in French only).<\/p>\n\n\n\n  <section class=\"title-with-subtitle__container theme-block is-style-subtitle-big aligndefault \"\n    >\n\n\n    <div class=\"title-with-subtitle__innerblocks-container\">\n  <section class=\"title-with-subtitle theme-block alignfull is-style-heading-size-2 aligndefault has-text-align-left\"\n    >\n   <h2>              <span class=\"title-with-subtitle__subtitle\">\n          Cognitive        <\/span>\n      \n              changes             <\/h2>  <\/section>\n\n<\/div>\n\n  <\/section>\n\n\n\n<p>Breast cancer and its treatments can affect cognitive abilities (thinking, reasoning, judgment, learning, attention, memory, etc.). For example, people with breast cancer may:<\/p>\n\n\n\n<ul class=\"wp-block-list\">\n<li>Feel confused and disoriented;<\/li>\n\n\n\n<li>Feel frustrated and powerless;<\/li>\n\n\n\n<li>Feel overwhelmed by events;<\/li>\n\n\n\n<li>Have difficulty remembering or memory lapses;<\/li>\n\n\n\n<li>Have trouble multitasking;<\/li>\n\n\n\n<li>Have trouble concentrating;<\/li>\n\n\n\n<li>Feel like they\u2019re functioning in slow motion;<\/li>\n\n\n\n<li>Have difficulty structuring their ideas; and<\/li>\n\n\n\n<li>Have difficulty carrying out daily tasks.<\/li>\n<\/ul>\n\n\n\n<p>Possible causes of cognitive impairment include chemotherapy and hormone therapy, certain supportive medications, as well as brain metastasis and its treatment. Cognitive changes can also be caused by secondary factors such as fatigue, anemia, sleep disorders, pain, malnutrition, dehydration, advanced age, stress and anxiety.<\/p>\n\n\n\n<p>The type, intensity and duration of symptoms vary greatly from person to person. No symptom should be ignored. If you or your loved ones notice any changes that affect your quality of life, connect with your healthcare team right away. They will be able to advise you on strategies tailored to your needs or refer you to a specialist if necessary.<\/p>\n\n\n\n<p>Here are a few strategies for taking care of yourself:<\/p>\n\n\n\n<ul class=\"wp-block-list\">\n<li>Be physically active and eat a healthy, appropriate diet. Our My Active Health program can help you <a href=\"https:\/\/rubanrose.wpbeta.vortexdev.com\/en\/support-me\/healthy-lifestyle-habits\/my-active-healthmc-physical-activity\/my-yoga\/\">move every day<\/a> and<a href=\"https:\/\/rubanrose.wpbeta.vortexdev.com\/en\/support-me\/healthy-lifestyle-habits\/my-active-healthtm-nutrition\/\"> eat a healthy diet according to your needs<\/a>.<\/li>\n\n\n\n<li>Rest and take time for yourself.<\/li>\n\n\n\n<li>Lower your stress with relaxing activities such as yoga or meditation. The Foundation provides free access to <a href=\"https:\/\/rubanrose.wpbeta.vortexdev.com\/en\/support-me\/healthy-lifestyle-habits\/my-active-healthmc-physical-activity\/my-yoga\/\">oncological yoga<\/a>.<\/li>\n\n\n\n<li>Take your mind off stressful things with activities that you enjoy and that recharge your batteries.<\/li>\n\n\n\n<li>If you have the energy, stimulate your brain by reading, playing games, listening to music, drawing or trying new hobbies.<\/li>\n\n\n\n<li>Tell your loved ones how you feel. Clearly communicate your limitations and your needs.<\/li>\n\n\n\n<li>Speak to your employer about helping you complete tasks that have become more difficult.<\/li>\n\n\n\n<li>Reassess your priorities, set realistic goals and try to let go of the things that seem less important.<\/li>\n\n\n\n<li>Use tools to help you reduce your mental load and organize your daily life (notepad, agenda, calendar, reminders and alarms, etc.).<\/li>\n\n\n\n<li>As much as possible, be kind to and compassionate with yourself.<\/li>\n\n\n\n<li>Our psychosocial support service can help you develop coping strategies to deal with the many challenges of being diagnosed with breast cancer.<\/li>\n<\/ul>\n\n\n\n<p class=\"has-large-font-size\"><strong>Other resources<\/strong><\/p>\n\n\n\n<ul class=\"wp-block-list\">\n<li>Educational videos on <strong>preventing musculoskeletal complications<\/strong> following breast cancer treatment, developed by the CISSS de la Mont\u00e9r\u00e9gie-Centre (in French only): <a href=\"https:\/\/www.santemonteregie.qc.ca\/centre\/organisation\/centre-integre-de-cancerologie-de-la-monteregie\/capsules-educatives-sur-le\" target=\"_blank\" rel=\"noreferrer noopener\">Capsules \u00e9ducatives sur le cancer du sein | Portail Sant\u00e9 Mont\u00e9r\u00e9gie (santemonteregie.qc.ca)<\/a>\u00a0<\/li>\n\n\n\n<li>For more information on caring for scars, see our blog post titled <a href=\"https:\/\/rubanrose.wpbeta.vortexdev.com\/en\/blog\/after-surgery-know-everything-about-your-scars\/\" target=\"_blank\" rel=\"noreferrer noopener\">Everything you need to know about scars after surgery<\/a>. \u00a0<\/li>\n<\/ul>\n","protected":false},"excerpt":{"rendered":"<p>Breast cancer treatment can affect your physical, cognitive, emotional and psychological well-being. No side effects should be ignored. If you notice any changes that worry you after treatment or if you\u2019re unsure, connect with your healthcare team right away. They will be able to provide you with advice tailored to your situation to help you&hellip;<\/p>\n","protected":false},"author":1,"featured_media":13783,"parent":4660,"menu_order":0,"comment_status":"closed","ping_status":"closed","template":"template-sidebar-nav.php","meta":{"_acf_changed":false,"_relevanssi_hide_post":"","_relevanssi_hide_content":"","_relevanssi_pin_for_all":"","_relevanssi_pin_keywords":"","_relevanssi_unpin_keywords":"","_relevanssi_related_keywords":"","_relevanssi_related_include_ids":"","_relevanssi_related_exclude_ids":"","_relevanssi_related_no_append":"","_relevanssi_related_not_related":"","_relevanssi_related_posts":"1534,1523,1379,1380,1356,1367","_relevanssi_noindex_reason":"","footnotes":""},"service":[],"persona":[],"class_list":["post-4662","page","type-page","status-publish","has-post-thumbnail","hentry"],"acf":[],"_links":{"self":[{"href":"https:\/\/rubanrose.wpbeta.vortexdev.com\/en\/wp-json\/wp\/v2\/pages\/4662","targetHints":{"allow":["GET"]}}],"collection":[{"href":"https:\/\/rubanrose.wpbeta.vortexdev.com\/en\/wp-json\/wp\/v2\/pages"}],"about":[{"href":"https:\/\/rubanrose.wpbeta.vortexdev.com\/en\/wp-json\/wp\/v2\/types\/page"}],"author":[{"embeddable":true,"href":"https:\/\/rubanrose.wpbeta.vortexdev.com\/en\/wp-json\/wp\/v2\/users\/1"}],"replies":[{"embeddable":true,"href":"https:\/\/rubanrose.wpbeta.vortexdev.com\/en\/wp-json\/wp\/v2\/comments?post=4662"}],"version-history":[{"count":0,"href":"https:\/\/rubanrose.wpbeta.vortexdev.com\/en\/wp-json\/wp\/v2\/pages\/4662\/revisions"}],"up":[{"embeddable":true,"href":"https:\/\/rubanrose.wpbeta.vortexdev.com\/en\/wp-json\/wp\/v2\/pages\/4660"}],"wp:featuredmedia":[{"embeddable":true,"href":"https:\/\/rubanrose.wpbeta.vortexdev.com\/en\/wp-json\/wp\/v2\/media\/13783"}],"wp:attachment":[{"href":"https:\/\/rubanrose.wpbeta.vortexdev.com\/en\/wp-json\/wp\/v2\/media?parent=4662"}],"wp:term":[{"taxonomy":"service","embeddable":true,"href":"https:\/\/rubanrose.wpbeta.vortexdev.com\/en\/wp-json\/wp\/v2\/service?post=4662"},{"taxonomy":"persona","embeddable":true,"href":"https:\/\/rubanrose.wpbeta.vortexdev.com\/en\/wp-json\/wp\/v2\/persona?post=4662"}],"curies":[{"name":"wp","href":"https:\/\/api.w.org\/{rel}","templated":true}]}}