{"id":4714,"date":"2023-10-19T10:39:31","date_gmt":"2023-10-19T14:39:31","guid":{"rendered":"https:\/\/rubanrose.wpbeta.vortexdev.com\/?page_id=4714"},"modified":"2025-09-03T11:00:35","modified_gmt":"2025-09-03T15:00:35","slug":"dragon-boats","status":"publish","type":"page","link":"https:\/\/rubanrose.wpbeta.vortexdev.com\/en\/support-me\/healthy-lifestyle-habits\/my-active-healthmc-physical-activity\/dragon-boats\/","title":{"rendered":"Dragon boats"},"content":{"rendered":"\n  <section class=\"title-with-subtitle__container theme-block is-style-subtitle-big aligndefault \"\n    >\n\n\n    <div class=\"title-with-subtitle__innerblocks-container\">\n  <section class=\"title-with-subtitle theme-block alignfull is-style-heading-size-2 aligndefault has-text-align-left\"\n    >\n   <h2>              <span class=\"title-with-subtitle__subtitle\">\n          Dragon boat        <\/span>\n      \n              teams            <\/h2>  <\/section>\n\n<\/div>\n\n  <\/section>\n\n\n\n<p>The sport of dragon boating is gaining popularity among people who have been diagnosed with breast cancer. The Foundation supports five teams across Quebec. In addition to fostering a strong team spirit, dragon boating brings many benefits for people who have been affected by breast cancer. These include greater shoulder mobility, improved upper-limb strength and better lymphedema control. In addition to regular team training, paddlers can also compete at the local, regional, provincial and even international levels!<\/p>\n\n\n\n<div class=\"block-accordions-group theme-block theme-block--innerblock aligndefault\">\n    <span class=\"theme-block__label\">Accordions<\/span>\n  \n    \n<div class=\"block-accordion  theme-block theme-block--innerblock aligndefault\">\n    <span class=\"theme-block__label\">Accordion<\/span>\n    <h4 class=\"block-accordion__title\">Montreal<\/h4>\n    \n\n  <section class=\"bordered-background theme-block is-style-full-height has-off-white-background-color aligndefault has-text-align-left\"\n    >\n\n\n    <div class=\"acf-innerblocks-container\">\n\n<h6 class=\"wp-block-heading has-text-color has-large-font-size\"><strong>TWO ABREAST \/ C\u00d4TE \u00c0 C\u00d4TE<\/strong><\/h6>\n\n\n\n<p><a href=\"http:\/\/www.twoabreast.ca\/index_fr.php\" target=\"_blank\" rel=\"noreferrer noopener\">Website<\/a><\/p>\n\n\n\n<p>Practice locations: Canal-de-Lachine \u2013 5524, rue St&nbsp;Patrick, H4E&nbsp;1A8<\/p>\n\n\n\n<hr class=\"wp-block-separator has-text-color has-venice-blue-color has-alpha-channel-opacity has-venice-blue-background-color has-background\" style=\"margin-top:var(--wp--preset--spacing--30);margin-bottom:var(--wp--preset--spacing--30)\"\/>\n\n\n\n<p><strong>Registration<\/strong><br><br><strong>Email:<\/strong> info@cote-a-cote.ca<br><strong>Phone:<\/strong> 514 387-6132<br><strong>Captain:<\/strong> Sophie Chauvin<\/p>\n\n<\/div>\n\n\n  \n  <\/section>\n\n\n\n  <section class=\"bordered-background theme-block is-style-full-height has-off-white-background-color aligndefault has-text-align-left\"\n    >\n\n\n    <div class=\"acf-innerblocks-container\">\n\n<p class=\"has-text-color has-large-font-size\"><strong>SEINCR\u2019EAU<\/strong><\/p>\n\n\n\n<p><a href=\"http:\/\/www.seincreau.com\/\" target=\"_blank\" rel=\"noreferrer noopener\">Website<\/a><\/p>\n\n\n\n<p>Practice location : Bassin Olympique du Parc Jean-Drapeau \u2013 37 Chemin du Chenal le Moyne, Montr\u00e9al, QC H3C 1A9<\/p>\n\n\n\n<hr class=\"wp-block-separator has-text-color has-venice-blue-color has-alpha-channel-opacity has-venice-blue-background-color has-background\" style=\"margin-top:var(--wp--preset--spacing--30);margin-bottom:var(--wp--preset--spacing--30)\"\/>\n\n\n\n<p><strong>Registration<\/strong><br><br><strong>Email:<\/strong> <a href=\"mailto:amcouture@videotron.ca\">amcouture@videotron.ca<\/a><br><strong>Phone:<\/strong> 514 569-6124<br><strong>Captain:<\/strong> Anne-Marie Couture<\/p>\n\n<\/div>\n\n\n  \n  <\/section>\n\n\n\n  <section class=\"bordered-background theme-block is-style-full-height has-off-white-background-color aligndefault has-text-align-left\"\n    >\n\n\n    <div class=\"acf-innerblocks-container\">\n\n<p class=\"has-text-color has-large-font-size\"><strong>WEST ISLAND DRAGONS OUEST DE L\u2019\u00ceLE<\/strong><\/p>\n\n\n\n<p>Practice locations : Club de cano\u00eb \u2013 75, chemin du Bord-du-Lac \u2013 Lakeshore, Pointe-Claire (Qu\u00e9bec)&nbsp; H9S&nbsp;4H5<\/p>\n\n\n\n<p><a href=\"http:\/\/www.westislanddragons.ca\/\" target=\"_blank\" rel=\"noreferrer noopener\">Site web<\/a><\/p>\n\n\n\n<hr class=\"wp-block-separator has-text-color has-venice-blue-color has-alpha-channel-opacity has-venice-blue-background-color has-background\" style=\"margin-top:var(--wp--preset--spacing--30);margin-bottom:var(--wp--preset--spacing--30)\"\/>\n\n\n\n<p><strong>Registration<\/strong><br><br><strong>Email:<\/strong> <a href=\"mailto:westislanddragons@live.com\"><a href=\"mailto:westislanddragons1@gmail.com\">westislanddragons1@gmail.com<\/a><\/a><br><strong>Phone:<\/strong> 514-216-8997 (membership)<br><strong>Captain:<\/strong> Sherri MacCallum<\/p>\n\n<\/div>\n\n\n  \n  <\/section>\n\n\n<\/div>\n\n                    \n\n\n<div class=\"block-accordion  theme-block theme-block--innerblock aligndefault\">\n    <span class=\"theme-block__label\">Accordion<\/span>\n    <h4 class=\"block-accordion__title\">Quebec<\/h4>\n    \n\n  <section class=\"bordered-background theme-block is-style-full-height has-off-white-background-color aligndefault has-text-align-left\"\n    >\n\n\n    <div class=\"acf-innerblocks-container\">\n\n<h6 class=\"wp-block-heading has-text-color has-large-font-size\"><strong>VISE-\u00c0-VIE<\/strong><\/h6>\n\n\n\n<p><a href=\"http:\/\/viseavie.com\/\" target=\"_blank\" rel=\"noreferrer noopener\">Website<\/a><\/p>\n\n\n\n<p>Practice locations: Parc riverain du Lac St-Augustin \u2013 Rue de l\u2019H\u00eatri\u00e8re, Saint-Augustin-de-Desmaures, QC, G3A&nbsp;2Z4<\/p>\n\n\n\n<hr class=\"wp-block-separator has-text-color has-venice-blue-color has-alpha-channel-opacity has-venice-blue-background-color has-background\" style=\"margin-top:var(--wp--preset--spacing--30);margin-bottom:var(--wp--preset--spacing--30)\"\/>\n\n\n\n<p><strong>Registration<\/strong><br><br><strong>Email:<\/strong>&nbsp;<a href=\"mailto:info@viseavie.com\">info@viseavie.com<\/a><br><strong>Captain:<\/strong> Chantale Lachance<\/p>\n\n<\/div>\n\n\n  \n  <\/section>\n\n\n<\/div>\n\n                    \n\n\n<div class=\"block-accordion  theme-block theme-block--innerblock aligndefault\">\n    <span class=\"theme-block__label\">Accordion<\/span>\n    <h4 class=\"block-accordion__title\">Sherbrooke<\/h4>\n    \n\n  <section class=\"bordered-background theme-block is-style-full-height has-off-white-background-color aligndefault has-text-align-left\"\n    >\n\n\n    <div class=\"acf-innerblocks-container\">\n\n<h6 class=\"wp-block-heading has-text-color has-large-font-size\"><strong>LES PH\u00c9NIX DE LA ROSE DES VENTS<\/strong><\/h6>\n\n\n\n<p><a href=\"https:\/\/www.rosedesvents.com\/bateau-dragon-les-phenix\/\" target=\"_blank\" rel=\"noreferrer noopener\">Website<\/a><\/p>\n\n\n\n<p>Practices locations : Parc Lucien-Blanchard \u2013&nbsp; Sherbrooke, QC, J1K&nbsp;0A<\/p>\n\n\n\n<hr class=\"wp-block-separator has-text-color has-venice-blue-color has-alpha-channel-opacity has-venice-blue-background-color has-background\" style=\"margin-top:var(--wp--preset--spacing--30);margin-bottom:var(--wp--preset--spacing--30)\"\/>\n\n\n\n<p><strong>Registration<\/strong><br><br><strong>Email:<\/strong>\u00a0<a href=\"mailto:benjer73@gmail.com\"><a href=\"mailto:info@viseavie.com\">phenix@rosedesvents.com<\/a><\/a><br><strong>Phone:<\/strong> 819-823-9996<br><strong>Captain:<\/strong> Line Hamel \/ Ginette\u00a0Thiffault<\/p>\n\n<\/div>\n\n\n  \n  <\/section>\n\n\n<\/div>\n\n                    \n\n\n<\/div>\n","protected":false},"excerpt":{"rendered":"<p>The sport of dragon boating is gaining popularity among people who have been diagnosed with breast cancer. The Foundation supports five teams across Quebec. In addition to fostering a strong team spirit, dragon boating brings many benefits for people who have been affected by breast cancer. These include greater shoulder mobility, improved upper-limb strength and&hellip;<\/p>\n","protected":false},"author":1,"featured_media":9692,"parent":4572,"menu_order":0,"comment_status":"closed","ping_status":"closed","template":"template-sidebar-nav.php","meta":{"_acf_changed":false,"_relevanssi_hide_post":"","_relevanssi_hide_content":"","_relevanssi_pin_for_all":"","_relevanssi_pin_keywords":"","_relevanssi_unpin_keywords":"","_relevanssi_related_keywords":"","_relevanssi_related_include_ids":"","_relevanssi_related_exclude_ids":"","_relevanssi_related_no_append":"","_relevanssi_related_not_related":"","_relevanssi_related_posts":"1461,1574,1536,1484,1341,1517","_relevanssi_noindex_reason":"","footnotes":""},"service":[204],"persona":[198,199],"class_list":["post-4714","page","type-page","status-publish","has-post-thumbnail","hentry","service-help-to-adopt-a-healthy-lifestyle","persona-metastatic","persona-affected-person-0-3"],"acf":[],"_links":{"self":[{"href":"https:\/\/rubanrose.wpbeta.vortexdev.com\/en\/wp-json\/wp\/v2\/pages\/4714","targetHints":{"allow":["GET"]}}],"collection":[{"href":"https:\/\/rubanrose.wpbeta.vortexdev.com\/en\/wp-json\/wp\/v2\/pages"}],"about":[{"href":"https:\/\/rubanrose.wpbeta.vortexdev.com\/en\/wp-json\/wp\/v2\/types\/page"}],"author":[{"embeddable":true,"href":"https:\/\/rubanrose.wpbeta.vortexdev.com\/en\/wp-json\/wp\/v2\/users\/1"}],"replies":[{"embeddable":true,"href":"https:\/\/rubanrose.wpbeta.vortexdev.com\/en\/wp-json\/wp\/v2\/comments?post=4714"}],"version-history":[{"count":0,"href":"https:\/\/rubanrose.wpbeta.vortexdev.com\/en\/wp-json\/wp\/v2\/pages\/4714\/revisions"}],"up":[{"embeddable":true,"href":"https:\/\/rubanrose.wpbeta.vortexdev.com\/en\/wp-json\/wp\/v2\/pages\/4572"}],"wp:featuredmedia":[{"embeddable":true,"href":"https:\/\/rubanrose.wpbeta.vortexdev.com\/en\/wp-json\/wp\/v2\/media\/9692"}],"wp:attachment":[{"href":"https:\/\/rubanrose.wpbeta.vortexdev.com\/en\/wp-json\/wp\/v2\/media?parent=4714"}],"wp:term":[{"taxonomy":"service","embeddable":true,"href":"https:\/\/rubanrose.wpbeta.vortexdev.com\/en\/wp-json\/wp\/v2\/service?post=4714"},{"taxonomy":"persona","embeddable":true,"href":"https:\/\/rubanrose.wpbeta.vortexdev.com\/en\/wp-json\/wp\/v2\/persona?post=4714"}],"curies":[{"name":"wp","href":"https:\/\/api.w.org\/{rel}","templated":true}]}}