{"id":4897,"date":"2023-10-17T17:30:38","date_gmt":"2023-10-17T21:30:38","guid":{"rendered":"https:\/\/rubanrose.wpbeta.vortexdev.com\/?page_id=4897"},"modified":"2024-09-24T15:16:09","modified_gmt":"2024-09-24T19:16:09","slug":"why-choose-us","status":"publish","type":"page","link":"https:\/\/rubanrose.wpbeta.vortexdev.com\/en\/about\/join-us\/why-choose-us\/","title":{"rendered":"Why choose us?"},"content":{"rendered":"\n<p><strong>Thrive in a culture of commitment and support:<\/strong><\/p>\n\n\n\n<p>The Foundation fosters the professional fulfillment of all its employees, through commitment to our mission of being there: before, during and after breast cancer, and support for all those affected and their loved ones.<\/p>\n\n\n\n  <section class=\"title-with-subtitle__container theme-block is-style-subtitle-big aligndefault \"\n    >\n\n\n    <div class=\"title-with-subtitle__innerblocks-container\">\n  <section class=\"title-with-subtitle theme-block alignfull is-style-heading-size-2 aligndefault has-text-align-left\"\n    >\n   <h2>              <span class=\"title-with-subtitle__subtitle\">\n          Be a part         <\/span>\n      \n              of the QBCF team            <\/h2>  <\/section>\n\n<\/div>\n\n  <\/section>\n\n\n\n<div class=\"wp-block-media-text has-media-on-the-right is-stacked-on-mobile is-image-fill\" style=\"grid-template-columns:auto 40%\"><div class=\"wp-block-media-text__content\">\n<h4 class=\"wp-block-heading\">A passionate team<\/h4>\n\n\n\n<p class=\"has-medium-font-size\">We offer a humane and authentic workplace, where you&#8217;ll work alongside a passionate team dedicated to advancing our mission every day.<\/p>\n<\/div><figure class=\"wp-block-media-text__media\" style=\"background-image:url(https:\/\/rubanrose.wpbeta.vortexdev.com\/wp-content\/uploads\/2023\/10\/image_6483441-1536x1152-1-1024x768.jpg);background-position:50% 50%\"><img decoding=\"async\" width=\"1024\" height=\"768\" src=\"https:\/\/rubanrose.wpbeta.vortexdev.com\/wp-content\/uploads\/2023\/10\/image_6483441-1536x1152-1-1024x768.jpg\" alt=\"\" class=\"wp-image-3152 size-full\" srcset=\"https:\/\/rubanrose.wpbeta.vortexdev.com\/wp-content\/uploads\/2023\/10\/image_6483441-1536x1152-1-1024x768.jpg 1024w, https:\/\/rubanrose.wpbeta.vortexdev.com\/wp-content\/uploads\/2023\/10\/image_6483441-1536x1152-1-600x450.jpg 600w, https:\/\/rubanrose.wpbeta.vortexdev.com\/wp-content\/uploads\/2023\/10\/image_6483441-1536x1152-1-300x225.jpg 300w, https:\/\/rubanrose.wpbeta.vortexdev.com\/wp-content\/uploads\/2023\/10\/image_6483441-1536x1152-1-768x576.jpg 768w, https:\/\/rubanrose.wpbeta.vortexdev.com\/wp-content\/uploads\/2023\/10\/image_6483441-1536x1152-1.jpg 1536w\" sizes=\"(max-width: 1024px) 100vw, 1024px\" \/><\/figure><\/div>\n\n\n\n  <div class=\"gradient-circle-block alignfull theme-block circle-alignright\">\n    \n<div class=\"gradient-circle\" aria-hidden=\"true\" >\n  <div class=\"gradient\"><\/div>\n<\/div>\n  <\/div>\n  \n\n\n<div class=\"wp-block-media-text is-stacked-on-mobile is-image-fill\" style=\"grid-template-columns:40% auto\"><figure class=\"wp-block-media-text__media\" style=\"background-image:url(https:\/\/rubanrose.wpbeta.vortexdev.com\/wp-content\/uploads\/2023\/11\/EQUILIBRE-vie-1024x768.jpg);background-position:50% 50%\"><img decoding=\"async\" width=\"1024\" height=\"768\" src=\"https:\/\/rubanrose.wpbeta.vortexdev.com\/wp-content\/uploads\/2023\/11\/EQUILIBRE-vie-1024x768.jpg\" alt=\"\" class=\"wp-image-4059 size-full\" srcset=\"https:\/\/rubanrose.wpbeta.vortexdev.com\/wp-content\/uploads\/2023\/11\/EQUILIBRE-vie-1024x768.jpg 1024w, https:\/\/rubanrose.wpbeta.vortexdev.com\/wp-content\/uploads\/2023\/11\/EQUILIBRE-vie-600x450.jpg 600w, https:\/\/rubanrose.wpbeta.vortexdev.com\/wp-content\/uploads\/2023\/11\/EQUILIBRE-vie-300x225.jpg 300w, https:\/\/rubanrose.wpbeta.vortexdev.com\/wp-content\/uploads\/2023\/11\/EQUILIBRE-vie-768x576.jpg 768w, https:\/\/rubanrose.wpbeta.vortexdev.com\/wp-content\/uploads\/2023\/11\/EQUILIBRE-vie-1536x1152.jpg 1536w, https:\/\/rubanrose.wpbeta.vortexdev.com\/wp-content\/uploads\/2023\/11\/EQUILIBRE-vie.jpg 1920w\" sizes=\"(max-width: 1024px) 100vw, 1024px\" \/><\/figure><div class=\"wp-block-media-text__content\">\n<h4 class=\"wp-block-heading\">Balance work &#8211; personal life<\/h4>\n\n\n\n<p class=\"has-medium-font-size\">The well-being of our teams is important to us. Work-life balance has a direct impact on health, which is why we offer :<\/p>\n\n\n\n<ul class=\"has-large-font-size wp-block-list\">\n<li class=\"has-medium-font-size\">Flexible working hours, summer hours, teleworking<\/li>\n\n\n\n<li class=\"has-medium-font-size\">Teleworking abroad 2 weeks a year<\/li>\n\n\n\n<li class=\"has-medium-font-size\">A wellness account<\/li>\n\n\n\n<li class=\"has-medium-font-size\">Many other benefits<\/li>\n<\/ul>\n<\/div><\/div>\n\n\n\n<div class=\"wp-block-media-text has-media-on-the-right is-stacked-on-mobile is-image-fill\" style=\"grid-template-columns:auto 40%\"><div class=\"wp-block-media-text__content\">\n<h4 class=\"wp-block-heading\">Opportunities to progress in your career<\/h4>\n\n\n\n<p class=\"has-medium-font-size\">We offer training or the preparation of a <strong>career development plan<\/strong> for employees. We are also keen to ensure <strong>pay equity<\/strong> and offer <strong>ongoing<\/strong> <strong>performance reviews<\/strong>. We use a collaborative platform and enable the development of an open relationship between managers and teams.<\/p>\n<\/div><figure class=\"wp-block-media-text__media\" style=\"background-image:url(https:\/\/rubanrose.wpbeta.vortexdev.com\/wp-content\/uploads\/2024\/07\/equipe_carriere-1024x683.jpg);background-position:54% 52%\"><img decoding=\"async\" width=\"1024\" height=\"683\" src=\"https:\/\/rubanrose.wpbeta.vortexdev.com\/wp-content\/uploads\/2024\/07\/equipe_carriere-1024x683.jpg\" alt=\"\" class=\"wp-image-9715 size-full\" srcset=\"https:\/\/rubanrose.wpbeta.vortexdev.com\/wp-content\/uploads\/2024\/07\/equipe_carriere-1024x683.jpg 1024w, https:\/\/rubanrose.wpbeta.vortexdev.com\/wp-content\/uploads\/2024\/07\/equipe_carriere-600x400.jpg 600w, https:\/\/rubanrose.wpbeta.vortexdev.com\/wp-content\/uploads\/2024\/07\/equipe_carriere-300x200.jpg 300w, https:\/\/rubanrose.wpbeta.vortexdev.com\/wp-content\/uploads\/2024\/07\/equipe_carriere-768x512.jpg 768w, https:\/\/rubanrose.wpbeta.vortexdev.com\/wp-content\/uploads\/2024\/07\/equipe_carriere-1536x1024.jpg 1536w, https:\/\/rubanrose.wpbeta.vortexdev.com\/wp-content\/uploads\/2024\/07\/equipe_carriere.jpg 1920w\" sizes=\"(max-width: 1024px) 100vw, 1024px\" \/><\/figure><\/div>\n\n\n\n  <div class=\"gradient-circle-block alignfull theme-block circle-aligndefault\">\n    \n<div class=\"gradient-circle\" aria-hidden=\"true\" >\n  <div class=\"gradient\"><\/div>\n<\/div>\n  <\/div>\n  \n\n\n<div class=\"wp-block-media-text is-stacked-on-mobile is-image-fill\" style=\"grid-template-columns:40% auto\"><figure class=\"wp-block-media-text__media\" style=\"background-image:url(https:\/\/rubanrose.wpbeta.vortexdev.com\/wp-content\/uploads\/2023\/11\/ride-de-filles-1024x683.jpg);background-position:55% 46%\"><img decoding=\"async\" width=\"1024\" height=\"683\" src=\"https:\/\/rubanrose.wpbeta.vortexdev.com\/wp-content\/uploads\/2023\/11\/ride-de-filles-1024x683.jpg\" alt=\"\" class=\"wp-image-5176 size-full\" srcset=\"https:\/\/rubanrose.wpbeta.vortexdev.com\/wp-content\/uploads\/2023\/11\/ride-de-filles-1024x683.jpg 1024w, https:\/\/rubanrose.wpbeta.vortexdev.com\/wp-content\/uploads\/2023\/11\/ride-de-filles-600x400.jpg 600w, https:\/\/rubanrose.wpbeta.vortexdev.com\/wp-content\/uploads\/2023\/11\/ride-de-filles-300x200.jpg 300w, https:\/\/rubanrose.wpbeta.vortexdev.com\/wp-content\/uploads\/2023\/11\/ride-de-filles-768x512.jpg 768w, https:\/\/rubanrose.wpbeta.vortexdev.com\/wp-content\/uploads\/2023\/11\/ride-de-filles-1536x1024.jpg 1536w, https:\/\/rubanrose.wpbeta.vortexdev.com\/wp-content\/uploads\/2023\/11\/ride-de-filles.jpg 1920w\" sizes=\"(max-width: 1024px) 100vw, 1024px\" \/><\/figure><div class=\"wp-block-media-text__content\">\n<h4 class=\"wp-block-heading\">Projects with impact<\/h4>\n\n\n\n<p class=\"has-medium-font-size\">At the Foundation, you&#8217;ll be involved in projects that have a direct impact on the lives of breast cancer patients. The variety of our projects and skills will challenge you every day.<\/p>\n<\/div><\/div>\n\n\n\n<div class=\"wp-block-group alignfull has-light-grey-background-color has-background is-layout-constrained wp-block-group-is-layout-constrained\" style=\"border-radius:0px\">\n  <section class=\"title-with-subtitle__container theme-block is-style-subtitle-big aligndefault \"\n    >\n\n\n    <div class=\"title-with-subtitle__innerblocks-container\">\n  <section class=\"title-with-subtitle theme-block alignfull is-style-heading-size-3 aligndefault has-text-align-center\"\n    >\n   <h3>              <span class=\"title-with-subtitle__subtitle\">\n          What employees         <\/span>\n      \n              has to say            <\/h3>  <\/section>\n\n<\/div>\n\n  <\/section>\n\n\n\n<div class=\"wp-block-vortex-blocks-content-box-slider content-box-slider-block\"><div class=\"content-box-slider__carousel-wrapper\"><div class=\"content-box-slider__carousel swiper\"><div class=\"swiper-wrapper\">\n<div class=\"wp-block-vortex-blocks-content-box-slide-item content-box-slide-item-block swiper-slide\">\n<div class=\"wp-block-columns is-layout-flex wp-container-core-columns-is-layout-28f84493 wp-block-columns-is-layout-flex\">\n<div class=\"wp-block-column is-layout-flow wp-block-column-is-layout-flow\" style=\"flex-basis:25%\"><\/div>\n\n\n\n<div class=\"wp-block-column is-layout-flow wp-block-column-is-layout-flow\" style=\"flex-basis:75%\">\n<blockquote class=\"wp-block-quote is-layout-flow wp-block-quote-is-layout-flow\">\n<p>La Fondation cancer du sein du Qu\u00e9bec offre une culture organisationnelle hors pair et flexible pour favoriser la conciliation travail- famille- vie personnelle- sant\u00e9 mentale. Les employ\u00e9s sont d&#8217;abord des humains avant d&#8217;\u00eatre des outils de performance et l&#8217;\u00e9quipe est d\u00e9vou\u00e9e \u00e0 une cause qui les tiens \u00e0 c\u0153ur.<\/p>\n\n\n\n<cite class=\"wp-block-vortex-blocks-custom-cite custom-cite\"><span class=\"custom-cite__divider\"><\/span><span class=\"custom-cite__author\"><span class=\"author-name\">Evelyne<\/span><span class=\"author-role\">Community social worker<\/span><\/span><\/cite>\n<\/blockquote>\n<\/div>\n<\/div>\n<\/div>\n\n\n\n<div class=\"wp-block-vortex-blocks-content-box-slide-item content-box-slide-item-block swiper-slide\">\n<div class=\"wp-block-columns is-layout-flex wp-container-core-columns-is-layout-28f84493 wp-block-columns-is-layout-flex\">\n<div class=\"wp-block-column is-layout-flow wp-block-column-is-layout-flow\" style=\"flex-basis:25%\"><\/div>\n\n\n\n<div class=\"wp-block-column is-layout-flow wp-block-column-is-layout-flow\" style=\"flex-basis:75%\">\n<blockquote class=\"wp-block-quote is-layout-flow wp-block-quote-is-layout-flow\">\n<p>&#8211; Une ambiance de travail collaborative et amicale.&nbsp;<br>&#8211; Un sentiment d\u2019engagement envers une cause qui touche beaucoup de monde.&nbsp;&nbsp;<\/p>\n\n\n\n<cite class=\"wp-block-vortex-blocks-custom-cite custom-cite\"><span class=\"custom-cite__divider\"><\/span><span class=\"custom-cite__author\"><span class=\"author-name\">Catherine<\/span><span class=\"author-role\">Supervisor, community initiatives<\/span><\/span><\/cite>\n<\/blockquote>\n<\/div>\n<\/div>\n<\/div>\n<\/div><\/div><div class=\"swiper-button-prev\"><\/div><div class=\"swiper-button-next\"><\/div><\/div><\/div>\n<\/div>\n","protected":false},"excerpt":{"rendered":"<p>Thrive in a culture of commitment and support: The Foundation fosters the professional fulfillment of all its employees, through commitment to our mission of being there: before, during and after breast cancer, and support for all those affected and their loved ones. A passionate team We offer a humane and authentic workplace, where you&#8217;ll work&hellip;<\/p>\n","protected":false},"author":1,"featured_media":0,"parent":4152,"menu_order":0,"comment_status":"closed","ping_status":"closed","template":"","meta":{"_acf_changed":false,"_relevanssi_hide_post":"","_relevanssi_hide_content":"","_relevanssi_pin_for_all":"","_relevanssi_pin_keywords":"","_relevanssi_unpin_keywords":"","_relevanssi_related_keywords":"","_relevanssi_related_include_ids":"","_relevanssi_related_exclude_ids":"","_relevanssi_related_no_append":"","_relevanssi_related_not_related":"","_relevanssi_related_posts":"1340,1399,1482,1331,1565,1415","_relevanssi_noindex_reason":"","footnotes":""},"service":[],"persona":[],"class_list":["post-4897","page","type-page","status-publish","hentry"],"acf":[],"_links":{"self":[{"href":"https:\/\/rubanrose.wpbeta.vortexdev.com\/en\/wp-json\/wp\/v2\/pages\/4897","targetHints":{"allow":["GET"]}}],"collection":[{"href":"https:\/\/rubanrose.wpbeta.vortexdev.com\/en\/wp-json\/wp\/v2\/pages"}],"about":[{"href":"https:\/\/rubanrose.wpbeta.vortexdev.com\/en\/wp-json\/wp\/v2\/types\/page"}],"author":[{"embeddable":true,"href":"https:\/\/rubanrose.wpbeta.vortexdev.com\/en\/wp-json\/wp\/v2\/users\/1"}],"replies":[{"embeddable":true,"href":"https:\/\/rubanrose.wpbeta.vortexdev.com\/en\/wp-json\/wp\/v2\/comments?post=4897"}],"version-history":[{"count":0,"href":"https:\/\/rubanrose.wpbeta.vortexdev.com\/en\/wp-json\/wp\/v2\/pages\/4897\/revisions"}],"up":[{"embeddable":true,"href":"https:\/\/rubanrose.wpbeta.vortexdev.com\/en\/wp-json\/wp\/v2\/pages\/4152"}],"wp:attachment":[{"href":"https:\/\/rubanrose.wpbeta.vortexdev.com\/en\/wp-json\/wp\/v2\/media?parent=4897"}],"wp:term":[{"taxonomy":"service","embeddable":true,"href":"https:\/\/rubanrose.wpbeta.vortexdev.com\/en\/wp-json\/wp\/v2\/service?post=4897"},{"taxonomy":"persona","embeddable":true,"href":"https:\/\/rubanrose.wpbeta.vortexdev.com\/en\/wp-json\/wp\/v2\/persona?post=4897"}],"curies":[{"name":"wp","href":"https:\/\/api.w.org\/{rel}","templated":true}]}}