{"id":5226,"date":"2023-11-20T13:58:59","date_gmt":"2023-11-20T18:58:59","guid":{"rendered":"https:\/\/rubanrose.wpbeta.vortexdev.com\/?page_id=5226"},"modified":"2025-07-07T13:58:51","modified_gmt":"2025-07-07T17:58:51","slug":"prizes-awarded","status":"publish","type":"page","link":"https:\/\/rubanrose.wpbeta.vortexdev.com\/en\/get-involved\/actors-in-cancerology\/prizes-awarded\/","title":{"rendered":"Prizes awarded"},"content":{"rendered":"\n<p>Nominations are now open for the <strong>Scientific Distinction award<\/strong>, the <strong>National Bank &#8211; Innovation and Support award<\/strong> and the <strong>Young Reseacher award<\/strong>!&nbsp;&nbsp;&nbsp;<\/p>\n\n\n\n<p>The Quebec Breast Cancer Foundation&#8217;s Awards of Excellence celebrate each year inspiring individuals who contribute to scientific advances and innovation in the field of breast cancer in Quebec.&nbsp;&nbsp;&nbsp;<\/p>\n\n\n\n<p>Don&#8217;t hesitate to share with your network if you have any candidates in mind!&nbsp;<\/p>\n\n\n\n  <section class=\"title-with-subtitle__container theme-block is-style-subtitle-big aligndefault \"\n    >\n\n\n    <div class=\"title-with-subtitle__innerblocks-container\">\n  <section class=\"title-with-subtitle theme-block alignfull is-style-heading-size-2 aligndefault has-text-align-left\"\n    >\n   <h2>              <span class=\"title-with-subtitle__subtitle\">\n          Guide and submission        <\/span>\n      \n              forms            <\/h2>  <\/section>\n\n<\/div>\n\n  <\/section>\n\n\n\n<div class=\"block-accordions-group theme-block theme-block--innerblock aligndefault\">\n    <span class=\"theme-block__label\">Accordions<\/span>\n  \n    \n<div class=\"block-accordion  theme-block theme-block--innerblock aligndefault\">\n    <span class=\"theme-block__label\">Accordion<\/span>\n    <h4 class=\"block-accordion__title\">Scientific Distinction award (2024 awardee: Jacques Simard)\u00a0<\/h4>\n    \n\n<p>Honors an individual for the scope and impact of his or her career. The scientific quality of the research carried out must have led to major advances in the fight against breast cancer. The award is accompanied by a $25,000 bursary.&nbsp;<\/p>\n\n\n\n<div class=\"wp-block-columns is-layout-flex wp-container-core-columns-is-layout-28f84493 wp-block-columns-is-layout-flex\">\n<div class=\"wp-block-column is-layout-flow wp-block-column-is-layout-flow\">\n<div class=\"wp-block-buttons is-layout-flex wp-block-buttons-is-layout-flex\">\n<div class=\"wp-block-button has-custom-width wp-block-button__width-50 is-style-outline is-style-outline--1\"><a class=\"wp-block-button__link wp-element-button\" href=\"https:\/\/rubanrose.wpbeta.vortexdev.com\/wp-content\/uploads\/2024\/09\/ENG_formulaire_candidature_GPscientifique-_.pdf\" target=\"_blank\" rel=\"noreferrer noopener\">Form<\/a><\/div>\n<\/div>\n<\/div>\n\n\n\n<div class=\"wp-block-column is-layout-flow wp-block-column-is-layout-flow\">\n<div class=\"wp-block-buttons is-layout-flex wp-block-buttons-is-layout-flex\">\n<div class=\"wp-block-button has-custom-width wp-block-button__width-50 is-style-outline is-style-outline--2\"><a class=\"wp-block-button__link wp-element-button\" href=\"https:\/\/rubanrose.wpbeta.vortexdev.com\/wp-content\/uploads\/2024\/09\/ENG_Guide_candidature_GPscientifique_2024.pdf\" target=\"_blank\" rel=\"noreferrer noopener\">Guide<\/a><\/div>\n<\/div>\n<\/div>\n<\/div>\n\n\n<\/div>\n\n                    \n\n\n<div class=\"block-accordion  theme-block theme-block--innerblock aligndefault\">\n    <span class=\"theme-block__label\">Accordion<\/span>\n    <h4 class=\"block-accordion__title\">National Bank \u2013 Innovation and Suport award (2024 awardees: Lymphedema Support Centre)\u00a0\u00a0<\/h4>\n    \n\n<p>Awarded to an individual whose work has led to the introduction of a remarkable innovation or contributed to the significant improvement of practice for the benefit of breast cancer patients. The prize is accompanied by a $25,000 bursary.&nbsp;&nbsp;<\/p>\n\n\n\n<div class=\"wp-block-columns is-layout-flex wp-container-core-columns-is-layout-28f84493 wp-block-columns-is-layout-flex\">\n<div class=\"wp-block-column is-layout-flow wp-block-column-is-layout-flow\">\n<div class=\"wp-block-buttons is-layout-flex wp-block-buttons-is-layout-flex\">\n<div class=\"wp-block-button has-custom-width wp-block-button__width-50 is-style-outline is-style-outline--3\"><a class=\"wp-block-button__link wp-element-button\" href=\"https:\/\/rubanrose.wpbeta.vortexdev.com\/wp-content\/uploads\/2024\/09\/ENG_formulaire_candidature_Innovation_et_Soutien_2024.pdf\" target=\"_blank\" rel=\"noreferrer noopener\">Form<\/a><\/div>\n<\/div>\n<\/div>\n\n\n\n<div class=\"wp-block-column is-layout-flow wp-block-column-is-layout-flow\">\n<div class=\"wp-block-buttons is-layout-flex wp-block-buttons-is-layout-flex\">\n<div class=\"wp-block-button has-custom-width wp-block-button__width-50 is-style-outline is-style-outline--4\"><a class=\"wp-block-button__link wp-element-button\" href=\"https:\/\/rubanrose.wpbeta.vortexdev.com\/wp-content\/uploads\/2024\/09\/ENG_Guide_candidature_Innovation_et_Soutien_2024-1.pdf\" target=\"_blank\" rel=\"noreferrer noopener\">Guide<\/a><\/div>\n<\/div>\n<\/div>\n<\/div>\n\n\n<\/div>\n\n                    \n\n\n<div class=\"block-accordion  theme-block theme-block--innerblock aligndefault\">\n    <span class=\"theme-block__label\">Accordion<\/span>\n    <h4 class=\"block-accordion__title\">Young Researcher award (2024 awardee: Nina Morena)\u00a0<\/h4>\n    \n\n<p>Awarded by the Foundation to young student researchers (PhD\/Post-Doc) who have distinguished themselves by the quality of their research work in breast cancer. The prize is accompanied by a complementary grant of $5,000.&nbsp;&nbsp;<\/p>\n\n\n\n<div class=\"wp-block-columns is-layout-flex wp-container-core-columns-is-layout-28f84493 wp-block-columns-is-layout-flex\">\n<div class=\"wp-block-column is-layout-flow wp-block-column-is-layout-flow\">\n<div class=\"wp-block-buttons is-layout-flex wp-block-buttons-is-layout-flex\">\n<div class=\"wp-block-button has-custom-width wp-block-button__width-50 is-style-outline is-style-outline--5\"><a class=\"wp-block-button__link wp-element-button\" href=\"https:\/\/rubanrose.wpbeta.vortexdev.com\/wp-content\/uploads\/2024\/09\/ENG_formulaire_candidature_jenue-chercheur-2024.pdf\" target=\"_blank\" rel=\"noreferrer noopener\">Form<\/a><\/div>\n<\/div>\n<\/div>\n\n\n\n<div class=\"wp-block-column is-layout-flow wp-block-column-is-layout-flow\">\n<div class=\"wp-block-buttons is-layout-flex wp-block-buttons-is-layout-flex\">\n<div class=\"wp-block-button has-custom-width wp-block-button__width-50 is-style-outline is-style-outline--6\"><a class=\"wp-block-button__link wp-element-button\" href=\"https:\/\/rubanrose.wpbeta.vortexdev.com\/wp-content\/uploads\/2024\/09\/ENG_Guide_soumission_prix_jeune-chercheur_2024.pdf\" target=\"_blank\" rel=\"noreferrer noopener\">Guide<\/a><\/div>\n<\/div>\n<\/div>\n<\/div>\n\n\n<\/div>\n\n                    \n\n\n<\/div>\n\n\n\n  <section class=\"title-with-subtitle__container theme-block is-style-subtitle-big aligndefault \"\n    >\n\n\n    <div class=\"title-with-subtitle__innerblocks-container\">\n  <section class=\"title-with-subtitle theme-block alignfull is-style-heading-size-2 aligndefault has-text-align-left\"\n    >\n   <h2>              <span class=\"title-with-subtitle__subtitle\">\n          Awards of excellence        <\/span>\n      \n              Our 2025 winners            <\/h2>  <\/section>\n\n<\/div>\n\n  <\/section>\n\n\n\n<div class=\"wp-block-media-text is-stacked-on-mobile\" style=\"grid-template-columns:30% auto\"><figure class=\"wp-block-media-text__media\"><img decoding=\"async\" width=\"682\" height=\"1024\" src=\"https:\/\/rubanrose.wpbeta.vortexdev.com\/wp-content\/uploads\/2025\/07\/Photo2023_JF_n-682x1024.jpg\" alt=\"\" class=\"wp-image-23879 size-full\" srcset=\"https:\/\/rubanrose.wpbeta.vortexdev.com\/wp-content\/uploads\/2025\/07\/Photo2023_JF_n-682x1024.jpg 682w, https:\/\/rubanrose.wpbeta.vortexdev.com\/wp-content\/uploads\/2025\/07\/Photo2023_JF_n-200x300.jpg 200w, https:\/\/rubanrose.wpbeta.vortexdev.com\/wp-content\/uploads\/2025\/07\/Photo2023_JF_n-768x1153.jpg 768w, https:\/\/rubanrose.wpbeta.vortexdev.com\/wp-content\/uploads\/2025\/07\/Photo2023_JF_n-1023x1536.jpg 1023w, https:\/\/rubanrose.wpbeta.vortexdev.com\/wp-content\/uploads\/2025\/07\/Photo2023_JF_n-600x900.jpg 600w, https:\/\/rubanrose.wpbeta.vortexdev.com\/wp-content\/uploads\/2025\/07\/Photo2023_JF_n.jpg 1266w\" sizes=\"(max-width: 682px) 100vw, 682px\" \/><\/figure><div class=\"wp-block-media-text__content\">\n<h4 class=\"wp-block-heading\"><strong>Young Researcher Award<\/strong> | <em>Justine Fortin<\/em><\/h4>\n\n\n\n<p>Justine Fortin is a doctoral student in psychology at the Universit\u00e9 du Qu\u00e9bec \u00e0 Montr\u00e9al (UQAM). She specializes in mental health in the oncology context, focusing her research on the experiences of people with breast cancer.<\/p>\n\n\n\n<p>In her article Understanding Mental Health in Breast Cancer from Screening to Survivorship, Justine proposes a model that identifies the key psychosocial issues a person may face, from screening through to remission or recurrence. She has also collaborated on the creation of an innovative clinical tool to support patients through these stages.<\/p>\n\n\n\n<p>Her commitment to transforming her research findings into concrete tools is helping to improve the quality of life of those affected by breast cancer, while raising awareness among healthcare professionals and the general public of psychological issues that are often overlooked at various stages of the care trajectory.<\/p>\n\n\n\n<p>Her work has made her a rising star in psycho-oncology research.<\/p>\n<\/div><\/div>\n\n\n\n<div class=\"wp-block-media-text has-media-on-the-right is-stacked-on-mobile\" style=\"grid-template-columns:auto 30%\"><div class=\"wp-block-media-text__content\">\n<h4 class=\"wp-block-heading\"><strong>Scientific Distinction award<\/strong> | <em>Coming soon<\/em><\/h4>\n<\/div><figure class=\"wp-block-media-text__media\"><\/figure><\/div>\n\n\n\n<div class=\"wp-block-media-text has-media-on-the-right is-stacked-on-mobile\" style=\"grid-template-columns:auto 30%\"><div class=\"wp-block-media-text__content\">\n<h4 class=\"wp-block-heading\"><strong><strong>National Bank<\/strong><\/strong> award | <strong><strong><em>Coming Soon<\/em><\/strong><\/strong><\/h4>\n<\/div><figure class=\"wp-block-media-text__media\"><\/figure><\/div>\n\n\n\n<div class=\"wp-block-media-text has-media-on-the-right is-stacked-on-mobile\" style=\"grid-template-columns:auto 30%\"><div class=\"wp-block-media-text__content\">\n<h4 class=\"wp-block-heading\"><strong>Volunteer Engagement Award<\/strong> | <em>Coming Soon<\/em><\/h4>\n<\/div><figure class=\"wp-block-media-text__media\"><\/figure><\/div>\n\n\n\n<hr class=\"wp-block-separator has-alpha-channel-opacity\"\/>\n\n\n\n  <section class=\"title-with-subtitle__container theme-block is-style-subtitle-big aligndefault \"\n    >\n\n\n    <div class=\"title-with-subtitle__innerblocks-container\">\n  <section class=\"title-with-subtitle theme-block alignfull is-style-heading-size-2 aligndefault has-text-align-left\"\n    >\n   <h2>              <span class=\"title-with-subtitle__subtitle\">\n          Previous Award        <\/span>\n      \n              Winners            <\/h2>  <\/section>\n\n<\/div>\n\n  <\/section>\n\n\n\n<div class=\"block-accordions-group theme-block theme-block--innerblock aligndefault\">\n    <span class=\"theme-block__label\">Accordions<\/span>\n  \n    \n<div class=\"block-accordion  theme-block theme-block--innerblock aligndefault\">\n    <span class=\"theme-block__label\">Accordion<\/span>\n    <h4 class=\"block-accordion__title\">2024<\/h4>\n    \n\n<div class=\"wp-block-media-text has-media-on-the-right is-stacked-on-mobile\" style=\"grid-template-columns:auto 30%\"><div class=\"wp-block-media-text__content\">\n<h4 class=\"wp-block-heading\"><strong>Volunteer Engagement Award<\/strong> | <em>Marie-\u00c8ve Julien<\/em><\/h4>\n\n\n\n<p>Marie-\u00c8ve Julien has been a volunteer with the Quebec Breast Cancer Foundation for many years, including more recently her involvement with the Foundation at education and awareness events such as the National Women\u2019s Show and the QBCF\u2019s Breast Health Forum.<\/p>\n\n\n\n<p>She also played a key role in the December 2023 fundraising campaign, sharing with us her sincere and heartfelt testimonial on the realities of living with metastatic breast cancer.<\/p>\n\n\n\n<p>This year, the FCSQ wanted to highlight her engagement and her desire to give back to the cause.<\/p>\n<\/div><figure class=\"wp-block-media-text__media\"><img decoding=\"async\" width=\"800\" height=\"800\" src=\"https:\/\/rubanrose.wpbeta.vortexdev.com\/wp-content\/uploads\/2024\/07\/Marie-Eve_Julien.jpg\" alt=\"\" class=\"wp-image-9774 size-full\" srcset=\"https:\/\/rubanrose.wpbeta.vortexdev.com\/wp-content\/uploads\/2024\/07\/Marie-Eve_Julien.jpg 800w, https:\/\/rubanrose.wpbeta.vortexdev.com\/wp-content\/uploads\/2024\/07\/Marie-Eve_Julien-600x600.jpg 600w, https:\/\/rubanrose.wpbeta.vortexdev.com\/wp-content\/uploads\/2024\/07\/Marie-Eve_Julien-100x100.jpg 100w, https:\/\/rubanrose.wpbeta.vortexdev.com\/wp-content\/uploads\/2024\/07\/Marie-Eve_Julien-300x300.jpg 300w, https:\/\/rubanrose.wpbeta.vortexdev.com\/wp-content\/uploads\/2024\/07\/Marie-Eve_Julien-150x150.jpg 150w, https:\/\/rubanrose.wpbeta.vortexdev.com\/wp-content\/uploads\/2024\/07\/Marie-Eve_Julien-768x768.jpg 768w\" sizes=\"(max-width: 800px) 100vw, 800px\" \/><\/figure><\/div>\n\n\n\n<div class=\"wp-block-media-text is-stacked-on-mobile\" style=\"grid-template-columns:30% auto\"><figure class=\"wp-block-media-text__media\"><img decoding=\"async\" width=\"1024\" height=\"1024\" src=\"https:\/\/rubanrose.wpbeta.vortexdev.com\/wp-content\/uploads\/2024\/07\/Nina_Morena-1024x1024.jpg\" alt=\"Nina_Morena\" class=\"wp-image-9776 size-full\" srcset=\"https:\/\/rubanrose.wpbeta.vortexdev.com\/wp-content\/uploads\/2024\/07\/Nina_Morena-1024x1024.jpg 1024w, https:\/\/rubanrose.wpbeta.vortexdev.com\/wp-content\/uploads\/2024\/07\/Nina_Morena-600x600.jpg 600w, https:\/\/rubanrose.wpbeta.vortexdev.com\/wp-content\/uploads\/2024\/07\/Nina_Morena-100x100.jpg 100w, https:\/\/rubanrose.wpbeta.vortexdev.com\/wp-content\/uploads\/2024\/07\/Nina_Morena-300x300.jpg 300w, https:\/\/rubanrose.wpbeta.vortexdev.com\/wp-content\/uploads\/2024\/07\/Nina_Morena-150x150.jpg 150w, https:\/\/rubanrose.wpbeta.vortexdev.com\/wp-content\/uploads\/2024\/07\/Nina_Morena-768x768.jpg 768w, https:\/\/rubanrose.wpbeta.vortexdev.com\/wp-content\/uploads\/2024\/07\/Nina_Morena.jpg 1200w\" sizes=\"(max-width: 1024px) 100vw, 1024px\" \/><\/figure><div class=\"wp-block-media-text__content\">\n<h4 class=\"wp-block-heading\"><strong>Young Researcher Award<\/strong> | <em>Nina Morena<\/em><\/h4>\n\n\n\n<p>Nina Morena is a doctoral student in Communication Studies at McGill University.<\/p>\n\n\n\n<p>Her work focuses on the social media practices of young women with metastatic breast cancer, whose experiences are still poorly understood today. It bridges the gap between two very different fields, medicine and the social sciences, to try to improve understanding of cancer beyond the traditional biomedical perspective. This work will help healthcare professionals to better support today\u2019s young, \u201cconnected\u201d patients in finding the information they need about their disease.<\/p>\n\n\n\n<p>With more than 25 abstracts accepted at national and international conferences, including five oral presentations, and four scientific articles as first author, she also won the \u201cShort Presentation\u201d prize at the 2023 annual meeting of the Canadian Society of Surgical Oncology, as well as first place in the \u201cE-poster Presentation\u201d competition at the Canadian Surgery Forum.<\/p>\n\n\n\n<p>Ms. Morena is certainly among Quebec\u2019s promising new generation of scientists in the field of breast cancer.<\/p>\n<\/div><\/div>\n\n\n\n<div class=\"wp-block-media-text has-media-on-the-right is-stacked-on-mobile\" style=\"grid-template-columns:auto 30%\"><div class=\"wp-block-media-text__content\">\n<h4 class=\"wp-block-heading\"><strong><strong>National Bank<\/strong><\/strong> award | <strong><strong><em>Lymphedema Support Centre<\/em><\/strong><\/strong><\/h4>\n\n\n\n<p>Specialized in the assessment and management of cancer-related lymphedema, led by Dr. Anna Towers, the Lymphedema Support Centre of the Quebec Breast Cancer Foundation of the MUHC boasts expertise that is unique in Canada and Quebec, and benefits the community every day.<br>It is the only Canadian center to be accredited as a \u201cCentre of Excellence\u201d by the international LE&amp;RN (Lymphatic Education &amp; Research Network).<\/p>\n\n\n\n<p>Its interdisciplinary services and innovative research program are key to improving quality of life and front-line assessment for lymphedema patients. It also plays a key role in the training of lymphedema professionals and therapists, both nationally and internationally.<\/p>\n\n\n\n<p>Thanks to the center, more than 1,100 breast cancer patients are seen each year.<\/p>\n<\/div><figure class=\"wp-block-media-text__media\"><img decoding=\"async\" width=\"800\" height=\"800\" src=\"https:\/\/rubanrose.wpbeta.vortexdev.com\/wp-content\/uploads\/2024\/07\/Centre_soutien_lymphoedeme.jpg\" alt=\"\" class=\"wp-image-9770 size-full\" srcset=\"https:\/\/rubanrose.wpbeta.vortexdev.com\/wp-content\/uploads\/2024\/07\/Centre_soutien_lymphoedeme.jpg 800w, https:\/\/rubanrose.wpbeta.vortexdev.com\/wp-content\/uploads\/2024\/07\/Centre_soutien_lymphoedeme-600x600.jpg 600w, https:\/\/rubanrose.wpbeta.vortexdev.com\/wp-content\/uploads\/2024\/07\/Centre_soutien_lymphoedeme-100x100.jpg 100w, https:\/\/rubanrose.wpbeta.vortexdev.com\/wp-content\/uploads\/2024\/07\/Centre_soutien_lymphoedeme-300x300.jpg 300w, https:\/\/rubanrose.wpbeta.vortexdev.com\/wp-content\/uploads\/2024\/07\/Centre_soutien_lymphoedeme-150x150.jpg 150w, https:\/\/rubanrose.wpbeta.vortexdev.com\/wp-content\/uploads\/2024\/07\/Centre_soutien_lymphoedeme-768x768.jpg 768w\" sizes=\"(max-width: 800px) 100vw, 800px\" \/><\/figure><\/div>\n\n\n\n<div class=\"wp-block-media-text is-stacked-on-mobile\" style=\"grid-template-columns:30% auto\"><figure class=\"wp-block-media-text__media\"><img decoding=\"async\" width=\"800\" height=\"800\" src=\"https:\/\/rubanrose.wpbeta.vortexdev.com\/wp-content\/uploads\/2024\/07\/Jacques_Simard.jpg\" alt=\"Pr. Jacques Simar\" class=\"wp-image-9772 size-full\" srcset=\"https:\/\/rubanrose.wpbeta.vortexdev.com\/wp-content\/uploads\/2024\/07\/Jacques_Simard.jpg 800w, https:\/\/rubanrose.wpbeta.vortexdev.com\/wp-content\/uploads\/2024\/07\/Jacques_Simard-600x600.jpg 600w, https:\/\/rubanrose.wpbeta.vortexdev.com\/wp-content\/uploads\/2024\/07\/Jacques_Simard-100x100.jpg 100w, https:\/\/rubanrose.wpbeta.vortexdev.com\/wp-content\/uploads\/2024\/07\/Jacques_Simard-300x300.jpg 300w, https:\/\/rubanrose.wpbeta.vortexdev.com\/wp-content\/uploads\/2024\/07\/Jacques_Simard-150x150.jpg 150w, https:\/\/rubanrose.wpbeta.vortexdev.com\/wp-content\/uploads\/2024\/07\/Jacques_Simard-768x768.jpg 768w\" sizes=\"(max-width: 800px) 100vw, 800px\" \/><\/figure><div class=\"wp-block-media-text__content\">\n<h4 class=\"wp-block-heading\"><strong>Scientific Distinction award<\/strong> | <em>Jacques Simard<\/em><\/h4>\n\n\n\n<p>Jacques Simard is a full professor in the Department of Molecular Medicine of the Faculty of Medicine at Universit\u00e9 Laval, and a researcher since 1990 at Universit\u00e9 Laval\u2019s Centre de recherche du Centre Hospitalier Universitaire (CHU). From 2001 to 2022, he held the Canada Research Chair in Oncogenetics. He is also currently Vice-Dean of Research and Innovation at Universit\u00e9 Laval\u2019s Faculty of Medicine. He is the author of over 525 scientific publications and more than 600 abstracts. His work has been cited by the scientific community more than 45,000 times.<\/p>\n\n\n\n<p>Professor Simard has devoted his career to genetics and breast cancer, playing a leading role in the discovery of the BRCA1 and BRCA2 genes in the mid-1990s. And for over a decade, he has co-directed a major international study aimed at discovering hundreds of breast cancer susceptibility genes and calculating breast cancer risk in order to personalize screening, a project financially supported from the outset by the Quebec Breast Cancer Foundation.<\/p>\n\n\n\n<p>He has been the recipient of numerous awards and recognitions, including the Richard E. Weitzman Outstanding Early Career Investigator Award from the Endocrine Society in 1999, induction into the Royal Society of Canada\u2019s prestigious Academy of Science in 2021 and the Acad\u00e9mie des Grands Qu\u00e9b\u00e9cois in 2023, and, in November 2023, the Wilder Penfield Award, the highest distinction awarded by the Government of Quebec in the biomedical field.<\/p>\n<\/div><\/div>\n\n\n<\/div>\n\n                    \n\n\n<\/div>\n\n\n\n<p><\/p>\n","protected":false},"excerpt":{"rendered":"<p>Nominations are now open for the Scientific Distinction award, the National Bank &#8211; Innovation and Support award and the Young Reseacher award!&nbsp;&nbsp;&nbsp; The Quebec Breast Cancer Foundation&#8217;s Awards of Excellence celebrate each year inspiring individuals who contribute to scientific advances and innovation in the field of breast cancer in Quebec.&nbsp;&nbsp;&nbsp; Don&#8217;t hesitate to share with&hellip;<\/p>\n","protected":false},"author":7,"featured_media":0,"parent":4145,"menu_order":0,"comment_status":"closed","ping_status":"closed","template":"","meta":{"_acf_changed":false,"_relevanssi_hide_post":"","_relevanssi_hide_content":"","_relevanssi_pin_for_all":"","_relevanssi_pin_keywords":"","_relevanssi_unpin_keywords":"","_relevanssi_related_keywords":"","_relevanssi_related_include_ids":"","_relevanssi_related_exclude_ids":"","_relevanssi_related_no_append":"","_relevanssi_related_not_related":"","_relevanssi_related_posts":"1333,1547,1503,1421,1356,1362","_relevanssi_noindex_reason":"","footnotes":""},"service":[],"persona":[],"class_list":["post-5226","page","type-page","status-publish","hentry"],"acf":[],"_links":{"self":[{"href":"https:\/\/rubanrose.wpbeta.vortexdev.com\/en\/wp-json\/wp\/v2\/pages\/5226","targetHints":{"allow":["GET"]}}],"collection":[{"href":"https:\/\/rubanrose.wpbeta.vortexdev.com\/en\/wp-json\/wp\/v2\/pages"}],"about":[{"href":"https:\/\/rubanrose.wpbeta.vortexdev.com\/en\/wp-json\/wp\/v2\/types\/page"}],"author":[{"embeddable":true,"href":"https:\/\/rubanrose.wpbeta.vortexdev.com\/en\/wp-json\/wp\/v2\/users\/7"}],"replies":[{"embeddable":true,"href":"https:\/\/rubanrose.wpbeta.vortexdev.com\/en\/wp-json\/wp\/v2\/comments?post=5226"}],"version-history":[{"count":0,"href":"https:\/\/rubanrose.wpbeta.vortexdev.com\/en\/wp-json\/wp\/v2\/pages\/5226\/revisions"}],"up":[{"embeddable":true,"href":"https:\/\/rubanrose.wpbeta.vortexdev.com\/en\/wp-json\/wp\/v2\/pages\/4145"}],"wp:attachment":[{"href":"https:\/\/rubanrose.wpbeta.vortexdev.com\/en\/wp-json\/wp\/v2\/media?parent=5226"}],"wp:term":[{"taxonomy":"service","embeddable":true,"href":"https:\/\/rubanrose.wpbeta.vortexdev.com\/en\/wp-json\/wp\/v2\/service?post=5226"},{"taxonomy":"persona","embeddable":true,"href":"https:\/\/rubanrose.wpbeta.vortexdev.com\/en\/wp-json\/wp\/v2\/persona?post=5226"}],"curies":[{"name":"wp","href":"https:\/\/api.w.org\/{rel}","templated":true}]}}