{"id":5774,"date":"2024-02-19T17:02:59","date_gmt":"2024-02-19T22:02:59","guid":{"rendered":"https:\/\/rubanrose.wpbeta.vortexdev.com\/?page_id=5774"},"modified":"2024-07-05T10:52:47","modified_gmt":"2024-07-05T14:52:47","slug":"breast-health-forum-2024","status":"publish","type":"page","link":"https:\/\/rubanrose.wpbeta.vortexdev.com\/en\/support-me\/other-services\/educational-event\/breast-health-forum\/breast-health-forum-2024\/","title":{"rendered":"Breast Health Forum 2024"},"content":{"rendered":"\n<div class=\"wp-block-cover\"><span aria-hidden=\"true\" class=\"wp-block-cover__background has-background-dim\" style=\"background-color:#836e6f\"><\/span><img decoding=\"async\" width=\"1920\" height=\"1280\" class=\"wp-block-cover__image-background wp-image-9268\" alt=\"\" src=\"https:\/\/rubanrose.wpbeta.vortexdev.com\/wp-content\/uploads\/2024\/07\/Forum2024-07.jpg\" data-object-fit=\"cover\" srcset=\"https:\/\/rubanrose.wpbeta.vortexdev.com\/wp-content\/uploads\/2024\/07\/Forum2024-07.jpg 1920w, https:\/\/rubanrose.wpbeta.vortexdev.com\/wp-content\/uploads\/2024\/07\/Forum2024-07-600x400.jpg 600w, https:\/\/rubanrose.wpbeta.vortexdev.com\/wp-content\/uploads\/2024\/07\/Forum2024-07-300x200.jpg 300w, https:\/\/rubanrose.wpbeta.vortexdev.com\/wp-content\/uploads\/2024\/07\/Forum2024-07-1024x683.jpg 1024w, https:\/\/rubanrose.wpbeta.vortexdev.com\/wp-content\/uploads\/2024\/07\/Forum2024-07-768x512.jpg 768w, https:\/\/rubanrose.wpbeta.vortexdev.com\/wp-content\/uploads\/2024\/07\/Forum2024-07-1536x1024.jpg 1536w\" sizes=\"(max-width: 1920px) 100vw, 1920px\" \/><div class=\"wp-block-cover__inner-container is-layout-constrained wp-block-cover-is-layout-constrained\">\n<h6 class=\"wp-block-heading has-text-align-center has-large-font-size\"><mark style=\"background-color:rgba(0, 0, 0, 0); font-size:60px;\" class=\"has-inline-color has-white-color\">BREAST HEALTH <\/mark><br><mark style=\"background-color:rgba(0, 0, 0, 0); font-size:60px;\" class=\"has-inline-color has-white-color\">FORUM 2024<\/mark><\/h6>\n<\/div><\/div>\n\n\n\n<p>For the 8<sup>th<\/sup> edition of the Breast Health Forum, speakers address the importance of the collaborative approach, which leads to informed decision-making: based on science and centered on the person affected.<\/p>\n\n\n\n<p>In panel discussions, Quebec experts present the latest advances in breast cancer management, with more benefits and less impact.<\/p>\n\n\n\n<p>Theme: <strong>Balancing benefits and impacts &#8211; making shared decisions<\/strong><\/p>\n\n\n\n<hr class=\"wp-block-separator has-alpha-channel-opacity\"\/>\n\n\n\n<div class=\"wp-block-columns is-layout-flex wp-container-core-columns-is-layout-28f84493 wp-block-columns-is-layout-flex\">\n<div class=\"wp-block-column is-layout-flow wp-block-column-is-layout-flow\">\n<h4 class=\"wp-block-heading\"><strong>Key elements of a shared decision\u00a0<\/strong><\/h4>\n\n\n\n<p>Before establishing the treatment plan that seems most appropriate for an individual, the treatment team assesses the balance of benefits and impacts. This individual assessment is based on consideration of a range of scientific elements, as well as the specific situation and vision of each patient. The choice is not always obvious, and the assessment may evolve over time. A non-exhaustive list has been drawn up, taking into account the different elements to be considered in the balance, as well as the importance of dialogue between the patient and the care team, to move towards a shared decision.<\/p>\n<\/div>\n\n\n\n<div class=\"wp-block-column is-layout-flow wp-block-column-is-layout-flow\">\n<figure class=\"wp-block-embed is-type-video is-provider-youtube wp-block-embed-youtube wp-embed-aspect-16-9 wp-has-aspect-ratio\"><div class=\"wp-block-embed__wrapper\">\n<iframe title=\"Les \u00e9l\u00e9ments cl\u00e9s d\u2019une d\u00e9cision partag\u00e9e  - Forum 2024 - EN\" width=\"500\" height=\"281\" src=\"https:\/\/www.youtube.com\/embed\/5rTJCmZQREI?feature=oembed&#038;enablejsapi=1&#038;origin=https:\/\/rubanrose.wpbeta.vortexdev.com\" frameborder=\"0\" allow=\"accelerometer; autoplay; clipboard-write; encrypted-media; gyroscope; picture-in-picture; web-share\" referrerpolicy=\"strict-origin-when-cross-origin\" allowfullscreen><\/iframe>\n<\/div><\/figure>\n<\/div>\n<\/div>\n\n\n\n<hr class=\"wp-block-separator has-alpha-channel-opacity\"\/>\n\n\n\n<div class=\"wp-block-columns is-layout-flex wp-container-core-columns-is-layout-28f84493 wp-block-columns-is-layout-flex\">\n<div class=\"wp-block-column is-layout-flow wp-block-column-is-layout-flow\">\n<h4 class=\"wp-block-heading\"><strong>Navigating hormone therapy: between benefits and impact management\u00a0<\/strong><\/h4>\n\n\n\n<p>After a brief overview of hormone-dependent breast cancer and hormone therapy, our experts discuss the choice of hormone therapy, its possible benefits and impacts, how to manage side effects to improve tolerance and compliance, and the latest advances in knowledge about hormone therapy.\u00a0 \u00a0<\/p>\n<\/div>\n\n\n\n<div class=\"wp-block-column is-layout-flow wp-block-column-is-layout-flow\">\n<figure class=\"wp-block-embed is-type-video is-provider-youtube wp-block-embed-youtube wp-embed-aspect-16-9 wp-has-aspect-ratio\"><div class=\"wp-block-embed__wrapper\">\n<iframe title=\"Naviguer \u00e0 travers l\u2019hormonoth\u00e9rapie : entre b\u00e9n\u00e9fices et gestion des impacts - Forum 2024 - EN\" width=\"500\" height=\"281\" src=\"https:\/\/www.youtube.com\/embed\/JgPnSdQ0vg8?feature=oembed&#038;enablejsapi=1&#038;origin=https:\/\/rubanrose.wpbeta.vortexdev.com\" frameborder=\"0\" allow=\"accelerometer; autoplay; clipboard-write; encrypted-media; gyroscope; picture-in-picture; web-share\" referrerpolicy=\"strict-origin-when-cross-origin\" allowfullscreen><\/iframe>\n<\/div><\/figure>\n<\/div>\n<\/div>\n\n\n\n<hr class=\"wp-block-separator has-alpha-channel-opacity\"\/>\n\n\n\n<div class=\"wp-block-columns is-layout-flex wp-container-core-columns-is-layout-28f84493 wp-block-columns-is-layout-flex\">\n<div class=\"wp-block-column is-layout-flow wp-block-column-is-layout-flow\">\n<h4 class=\"wp-block-heading\"><strong>Tomorrow&#8217;s treatments: better targeted, less invasive\u00a0<\/strong><\/h4>\n\n\n\n<p>Surgery has long been the first-line treatment for early and locally advanced breast cancer, often accompanied by radiotherapy and sometimes chemotherapy. The benefit-impact balance of these treatments is not always easy to assess. In this panel discussion, experts present advances that will make it easier to determine who really benefits from these treatments, as well as new, less invasive and just as effective therapeutic approaches that are likely to revolutionize standard intervention protocols.\u00a0 \u00a0\u00a0 \u00a0<\/p>\n<\/div>\n\n\n\n<div class=\"wp-block-column is-layout-flow wp-block-column-is-layout-flow\">\n<figure class=\"wp-block-embed is-type-video is-provider-youtube wp-block-embed-youtube wp-embed-aspect-16-9 wp-has-aspect-ratio\"><div class=\"wp-block-embed__wrapper\">\n<iframe title=\"Traitements de demain : mieux cibl\u00e9s, moins invasifs - Forum 2024 - EN\" width=\"500\" height=\"281\" src=\"https:\/\/www.youtube.com\/embed\/15fx6TiQ6ho?feature=oembed&#038;enablejsapi=1&#038;origin=https:\/\/rubanrose.wpbeta.vortexdev.com\" frameborder=\"0\" allow=\"accelerometer; autoplay; clipboard-write; encrypted-media; gyroscope; picture-in-picture; web-share\" referrerpolicy=\"strict-origin-when-cross-origin\" allowfullscreen><\/iframe>\n<\/div><\/figure>\n<\/div>\n<\/div>\n\n\n\n<hr class=\"wp-block-separator has-alpha-channel-opacity\"\/>\n\n\n\n<div class=\"wp-block-columns is-layout-flex wp-container-core-columns-is-layout-28f84493 wp-block-columns-is-layout-flex\">\n<div class=\"wp-block-column is-layout-flow wp-block-column-is-layout-flow\">\n<h4 class=\"wp-block-heading\"><strong>Advances in metastatic breast cancer<\/strong><\/h4>\n\n\n\n<p>Although breast cancer treatment is improving, metastatic breast cancer remains incurable. We&#8217;ll look at the latest hopeful advances for metastatic breast cancer, and their benefits in terms of survival and quality of life. \u00a0\u00a0 \u00a0<\/p>\n<\/div>\n\n\n\n<div class=\"wp-block-column is-layout-flow wp-block-column-is-layout-flow\">\n<figure class=\"wp-block-embed is-type-video is-provider-youtube wp-block-embed-youtube wp-embed-aspect-16-9 wp-has-aspect-ratio\"><div class=\"wp-block-embed__wrapper\">\n<iframe title=\"Les avanc\u00e9es pour les cancers du sein m\u00e9tastatiques - Forum 2024 - EN\" width=\"500\" height=\"281\" src=\"https:\/\/www.youtube.com\/embed\/lKXEM1B1VAc?feature=oembed&#038;enablejsapi=1&#038;origin=https:\/\/rubanrose.wpbeta.vortexdev.com\" frameborder=\"0\" allow=\"accelerometer; autoplay; clipboard-write; encrypted-media; gyroscope; picture-in-picture; web-share\" referrerpolicy=\"strict-origin-when-cross-origin\" allowfullscreen><\/iframe>\n<\/div><\/figure>\n<\/div>\n<\/div>\n\n\n\n<hr class=\"wp-block-separator has-alpha-channel-opacity\"\/>\n\n\n\n<div class=\"wp-block-columns is-layout-flex wp-container-core-columns-is-layout-28f84493 wp-block-columns-is-layout-flex\">\n<div class=\"wp-block-column is-layout-flow wp-block-column-is-layout-flow\">\n<h4 class=\"wp-block-heading\"><strong>Integrative medicine, holistic approach: what are we talking about?<\/strong><\/h4>\n\n\n\n<p>In this panel discussion, speakers discuss the relevance of adopting a holistic approach to care, centered on the person with cancer and his or her needs. In addition to treatments, we&#8217;ll see why and how healthy lifestyle habits, as well as the use of evidence-based complementary therapies, can be an integral part of a so-called holistic approach to oncology, to improve the management of adverse effects, quality of life and ultimately prognosis.\u00a0 \u00a0 \u00a0\u00a0 \u00a0<\/p>\n<\/div>\n\n\n\n<div class=\"wp-block-column is-layout-flow wp-block-column-is-layout-flow\">\n<figure class=\"wp-block-embed is-type-video is-provider-youtube wp-block-embed-youtube wp-embed-aspect-16-9 wp-has-aspect-ratio\"><div class=\"wp-block-embed__wrapper\">\n<iframe title=\"M\u00e9decine int\u00e9grative, approche holistique : de quoi on parle ? - Forum 2024 - EN\" width=\"500\" height=\"281\" src=\"https:\/\/www.youtube.com\/embed\/6nMAtSHe0Og?feature=oembed\" frameborder=\"0\" allow=\"accelerometer; autoplay; clipboard-write; encrypted-media; gyroscope; picture-in-picture; web-share\" referrerpolicy=\"strict-origin-when-cross-origin\" allowfullscreen><\/iframe>\n<\/div><\/figure>\n<\/div>\n<\/div>\n","protected":false},"excerpt":{"rendered":"<p>For the 8th edition of the Breast Health Forum, speakers address the importance of the collaborative approach, which leads to informed decision-making: based on science and centered on the person affected. In panel discussions, Quebec experts present the latest advances in breast cancer management, with more benefits and less impact. Theme: Balancing benefits and impacts&hellip;<\/p>\n","protected":false},"author":7,"featured_media":6063,"parent":8550,"menu_order":0,"comment_status":"closed","ping_status":"closed","template":"","meta":{"_acf_changed":false,"_relevanssi_hide_post":"","_relevanssi_hide_content":"","_relevanssi_pin_for_all":"","_relevanssi_pin_keywords":"","_relevanssi_unpin_keywords":"","_relevanssi_related_keywords":"","_relevanssi_related_include_ids":"","_relevanssi_related_exclude_ids":"","_relevanssi_related_no_append":"","_relevanssi_related_not_related":"","_relevanssi_related_posts":"1576,1369,1582,1390,1411,1335","_relevanssi_noindex_reason":"","footnotes":""},"service":[],"persona":[],"class_list":["post-5774","page","type-page","status-publish","has-post-thumbnail","hentry"],"acf":[],"_links":{"self":[{"href":"https:\/\/rubanrose.wpbeta.vortexdev.com\/en\/wp-json\/wp\/v2\/pages\/5774","targetHints":{"allow":["GET"]}}],"collection":[{"href":"https:\/\/rubanrose.wpbeta.vortexdev.com\/en\/wp-json\/wp\/v2\/pages"}],"about":[{"href":"https:\/\/rubanrose.wpbeta.vortexdev.com\/en\/wp-json\/wp\/v2\/types\/page"}],"author":[{"embeddable":true,"href":"https:\/\/rubanrose.wpbeta.vortexdev.com\/en\/wp-json\/wp\/v2\/users\/7"}],"replies":[{"embeddable":true,"href":"https:\/\/rubanrose.wpbeta.vortexdev.com\/en\/wp-json\/wp\/v2\/comments?post=5774"}],"version-history":[{"count":0,"href":"https:\/\/rubanrose.wpbeta.vortexdev.com\/en\/wp-json\/wp\/v2\/pages\/5774\/revisions"}],"up":[{"embeddable":true,"href":"https:\/\/rubanrose.wpbeta.vortexdev.com\/en\/wp-json\/wp\/v2\/pages\/8550"}],"wp:featuredmedia":[{"embeddable":true,"href":"https:\/\/rubanrose.wpbeta.vortexdev.com\/en\/wp-json\/wp\/v2\/media\/6063"}],"wp:attachment":[{"href":"https:\/\/rubanrose.wpbeta.vortexdev.com\/en\/wp-json\/wp\/v2\/media?parent=5774"}],"wp:term":[{"taxonomy":"service","embeddable":true,"href":"https:\/\/rubanrose.wpbeta.vortexdev.com\/en\/wp-json\/wp\/v2\/service?post=5774"},{"taxonomy":"persona","embeddable":true,"href":"https:\/\/rubanrose.wpbeta.vortexdev.com\/en\/wp-json\/wp\/v2\/persona?post=5774"}],"curies":[{"name":"wp","href":"https:\/\/api.w.org\/{rel}","templated":true}]}}