{"id":8865,"date":"2024-06-21T11:10:34","date_gmt":"2024-06-21T15:10:34","guid":{"rendered":"https:\/\/rubanrose.wpbeta.vortexdev.com\/?page_id=8865"},"modified":"2024-06-27T10:51:38","modified_gmt":"2024-06-27T14:51:38","slug":"breast-health-forum-2022","status":"publish","type":"page","link":"https:\/\/rubanrose.wpbeta.vortexdev.com\/en\/support-me\/other-services\/educational-event\/breast-health-forum\/breast-health-forum-2022\/","title":{"rendered":"Breast Health Forum 2022"},"content":{"rendered":"\n<div class=\"wp-block-cover is-light\"><span aria-hidden=\"true\" class=\"wp-block-cover__background has-background-dim\" style=\"background-color:#7f929f\"><\/span><img decoding=\"async\" width=\"1920\" height=\"1280\" class=\"wp-block-cover__image-background wp-image-8556\" alt=\"\" src=\"https:\/\/rubanrose.wpbeta.vortexdev.com\/wp-content\/uploads\/2024\/06\/DSF4309.jpg\" data-object-fit=\"cover\" srcset=\"https:\/\/rubanrose.wpbeta.vortexdev.com\/wp-content\/uploads\/2024\/06\/DSF4309.jpg 1920w, https:\/\/rubanrose.wpbeta.vortexdev.com\/wp-content\/uploads\/2024\/06\/DSF4309-600x400.jpg 600w, https:\/\/rubanrose.wpbeta.vortexdev.com\/wp-content\/uploads\/2024\/06\/DSF4309-300x200.jpg 300w, https:\/\/rubanrose.wpbeta.vortexdev.com\/wp-content\/uploads\/2024\/06\/DSF4309-1024x683.jpg 1024w, https:\/\/rubanrose.wpbeta.vortexdev.com\/wp-content\/uploads\/2024\/06\/DSF4309-768x512.jpg 768w, https:\/\/rubanrose.wpbeta.vortexdev.com\/wp-content\/uploads\/2024\/06\/DSF4309-1536x1024.jpg 1536w\" sizes=\"(max-width: 1920px) 100vw, 1920px\" \/><div class=\"wp-block-cover__inner-container is-layout-constrained wp-block-cover-is-layout-constrained\">\n<h6 class=\"wp-block-heading has-text-align-center has-white-color has-text-color has-link-color has-large-font-size wp-elements-c10dd1064276323464b4ad6519e63f9d\"><mark style=\"background-color:rgba(0, 0, 0, 0); font-size:60px;\" class=\"has-inline-color has-white-color\">bREAST HEALTH <\/mark><br><mark style=\"background-color:rgba(0, 0, 0, 0); font-size:60px;\" class=\"has-inline-color has-white-color\">FORUM 2022<\/mark><\/h6>\n<\/div><\/div>\n\n\n\n<p><strong>The Breast Health Forum is an annual event that brings together the general public and the scientific community to present major advances in breast cancer. Each year, the Quebec Breast Cancer Foundation welcomes speakers from Quebec to present the state of research in this field.<\/strong><\/p>\n\n\n\n<p><strong>\u00a0The theme was Advances in research: from laboratory studies to patient treatment.<em>\u00a0<\/em><\/strong><\/p>\n\n\n\n<hr class=\"wp-block-separator has-alpha-channel-opacity\"\/>\n\n\n\n<div class=\"wp-block-columns is-layout-flex wp-container-core-columns-is-layout-28f84493 wp-block-columns-is-layout-flex\">\n<div class=\"wp-block-column is-layout-flow wp-block-column-is-layout-flow\">\n<h4 class=\"wp-block-heading\">Opening words<\/h4>\n\n\n\n<p>The Quebec Breast Cancer Foundation&#8217;s Breast Health Forum is moderated by Philippe Desrosiers and presented by our Grand Partner National Bank. Karine-Iseult Ippersiel, President and CEO, and Fanny Guimont-Desrochers, Director, Investment and Health Promotion, Quebec Breast Cancer Foundation, open the day&#8217;s proceedings with introductory remarks.<\/p>\n<\/div>\n\n\n\n<div class=\"wp-block-column is-layout-flow wp-block-column-is-layout-flow\">\n<figure class=\"wp-block-embed is-type-video is-provider-youtube wp-block-embed-youtube wp-embed-aspect-16-9 wp-has-aspect-ratio\"><div class=\"wp-block-embed__wrapper\">\n<iframe title=\"Mot d\u2019ouverture  - Forum Sant\u00e9 des seins 2022\" width=\"500\" height=\"281\" src=\"https:\/\/www.youtube.com\/embed\/TH2AUkvsS7M?feature=oembed\" frameborder=\"0\" allow=\"accelerometer; autoplay; clipboard-write; encrypted-media; gyroscope; picture-in-picture; web-share\" referrerpolicy=\"strict-origin-when-cross-origin\" allowfullscreen><\/iframe>\n<\/div><\/figure>\n<\/div>\n<\/div>\n\n\n\n<hr class=\"wp-block-separator has-alpha-channel-opacity\"\/>\n\n\n\n<div class=\"wp-block-columns is-layout-flex wp-container-core-columns-is-layout-28f84493 wp-block-columns-is-layout-flex\">\n<div class=\"wp-block-column is-layout-flow wp-block-column-is-layout-flow\">\n<h4 class=\"wp-block-heading\">What is breast cancer?<\/h4>\n\n\n\n<p>As breast cancer is a heterogeneous disease, it can also be difficult to sort out what the different types of breast cancer are and what distinguishes them. The aim here is to go back to basics: what is breast cancer and how does it develop? What are the different subtypes? We&#8217;ll also take a look at genetics and breast cancer, a subject that is increasingly present in research.<\/p>\n<\/div>\n\n\n\n<div class=\"wp-block-column is-layout-flow wp-block-column-is-layout-flow\">\n<figure class=\"wp-block-embed is-type-video is-provider-youtube wp-block-embed-youtube wp-embed-aspect-16-9 wp-has-aspect-ratio\"><div class=\"wp-block-embed__wrapper\">\n<iframe title=\"C\u2019est quoi le cancer du sein ? - Forum Sant\u00e9 des seins 2022 - Partie 2\/7\" width=\"500\" height=\"281\" src=\"https:\/\/www.youtube.com\/embed\/V9DHYRcTsII?feature=oembed\" frameborder=\"0\" allow=\"accelerometer; autoplay; clipboard-write; encrypted-media; gyroscope; picture-in-picture; web-share\" referrerpolicy=\"strict-origin-when-cross-origin\" allowfullscreen><\/iframe>\n<\/div><\/figure>\n<\/div>\n<\/div>\n\n\n\n<hr class=\"wp-block-separator has-alpha-channel-opacity\"\/>\n\n\n\n<div class=\"wp-block-columns is-layout-flex wp-container-core-columns-is-layout-28f84493 wp-block-columns-is-layout-flex\">\n<div class=\"wp-block-column is-layout-flow wp-block-column-is-layout-flow\">\n<h4 class=\"wp-block-heading\">Theme 1: Advances in fundamental research<\/h4>\n\n\n\n<p>Fundamental research is helping us to better understand how the various molecules that can cause breast cancer behave. A better understanding of the mechanisms behind breast cancer makes it possible to develop more targeted and often more effective treatments. During this first part of the Forum, cancer vaccines, immunotherapy and the microbiome will be discussed.<\/p>\n<\/div>\n\n\n\n<div class=\"wp-block-column is-layout-flow wp-block-column-is-layout-flow\">\n<figure class=\"wp-block-embed is-type-video is-provider-youtube wp-block-embed-youtube wp-embed-aspect-16-9 wp-has-aspect-ratio\"><div class=\"wp-block-embed__wrapper\">\n<iframe title=\"Th\u00e9matique 1 : Les avanc\u00e9es de la recherche fondamentale - Forum Sant\u00e9 des seins 2022 - Partie 3\/7\" width=\"500\" height=\"281\" src=\"https:\/\/www.youtube.com\/embed\/b38DPs4xvcU?feature=oembed\" frameborder=\"0\" allow=\"accelerometer; autoplay; clipboard-write; encrypted-media; gyroscope; picture-in-picture; web-share\" referrerpolicy=\"strict-origin-when-cross-origin\" allowfullscreen><\/iframe>\n<\/div><\/figure>\n<\/div>\n<\/div>\n\n\n\n<hr class=\"wp-block-separator has-alpha-channel-opacity\"\/>\n\n\n\n<div class=\"wp-block-columns is-layout-flex wp-container-core-columns-is-layout-28f84493 wp-block-columns-is-layout-flex\">\n<div class=\"wp-block-column is-layout-flow wp-block-column-is-layout-flow\">\n<h4 class=\"wp-block-heading\">Theme 2: How does clinical research work?<\/h4>\n\n\n\n<p>Researchers will take a look at the main stages of a clinical study, and then discuss the issues surrounding research. Finding a cure for cancer isn&#8217;t easy. Although researchers sometimes make promising discoveries, they must first go through a rigorous process before their treatment is brought to market.<\/p>\n<\/div>\n\n\n\n<div class=\"wp-block-column is-layout-flow wp-block-column-is-layout-flow\">\n<figure class=\"wp-block-embed is-type-video is-provider-youtube wp-block-embed-youtube wp-embed-aspect-16-9 wp-has-aspect-ratio\"><div class=\"wp-block-embed__wrapper\">\n<iframe title=\"Th\u00e9matique 2 : Comment fonctionne la recherche clinique ? - Forum Sant\u00e9 des seins 2022 - Partie 4\/7\" width=\"500\" height=\"281\" src=\"https:\/\/www.youtube.com\/embed\/h7AFqq8whHg?feature=oembed\" frameborder=\"0\" allow=\"accelerometer; autoplay; clipboard-write; encrypted-media; gyroscope; picture-in-picture; web-share\" referrerpolicy=\"strict-origin-when-cross-origin\" allowfullscreen><\/iframe>\n<\/div><\/figure>\n<\/div>\n<\/div>\n\n\n\n<hr class=\"wp-block-separator has-alpha-channel-opacity\"\/>\n\n\n\n<div class=\"wp-block-columns is-layout-flex wp-container-core-columns-is-layout-28f84493 wp-block-columns-is-layout-flex\">\n<div class=\"wp-block-column is-layout-flow wp-block-column-is-layout-flow\">\n<h4 class=\"wp-block-heading\">Theme 3: Innovation for quality of life<\/h4>\n\n\n\n<p>Speakers will present the latest advances in research aimed at improving the well-being of those affected by breast cancer. Surgery, chemotherapy, radiotherapy\u2026 Breast cancer treatments are numerous and generate many side effects. Researchers are working to better understand the effects of these treatments on the body, but also their impact on patients&#8217; quality of life.<\/p>\n<\/div>\n\n\n\n<div class=\"wp-block-column is-layout-flow wp-block-column-is-layout-flow\">\n<figure class=\"wp-block-embed is-type-video is-provider-youtube wp-block-embed-youtube wp-embed-aspect-16-9 wp-has-aspect-ratio\"><div class=\"wp-block-embed__wrapper\">\n<iframe title=\"Th\u00e9matique 3 : L\u2019innovation au service de la qualit\u00e9 de vie  - Forum Sant\u00e9 des seins 2022 - 5\/7\" width=\"500\" height=\"281\" src=\"https:\/\/www.youtube.com\/embed\/aI5cQmbXh7g?feature=oembed\" frameborder=\"0\" allow=\"accelerometer; autoplay; clipboard-write; encrypted-media; gyroscope; picture-in-picture; web-share\" referrerpolicy=\"strict-origin-when-cross-origin\" allowfullscreen><\/iframe>\n<\/div><\/figure>\n<\/div>\n<\/div>\n\n\n\n<hr class=\"wp-block-separator has-alpha-channel-opacity\"\/>\n\n\n\n<div class=\"wp-block-columns is-layout-flex wp-container-core-columns-is-layout-28f84493 wp-block-columns-is-layout-flex\">\n<div class=\"wp-block-column is-layout-flow wp-block-column-is-layout-flow\">\n<h4 class=\"wp-block-heading\">Theme 4: Factors influencing breast cancer<\/h4>\n\n\n\n<p>Whether before, during or after a breast cancer diagnosis, many factors influence the impact of the disease on the sufferer. Speakers will address these different factors, as a better understanding of them could help improve patients&#8217; care trajectory and well-being.<\/p>\n<\/div>\n\n\n\n<div class=\"wp-block-column is-layout-flow wp-block-column-is-layout-flow\">\n<figure class=\"wp-block-embed is-type-video is-provider-youtube wp-block-embed-youtube wp-embed-aspect-16-9 wp-has-aspect-ratio\"><div class=\"wp-block-embed__wrapper\">\n<iframe title=\"Th\u00e9matique 4 : Les facteurs qui influencent un cancer du sein  - Forum Sant\u00e9 des seins 2022 - 6\/7\" width=\"500\" height=\"281\" src=\"https:\/\/www.youtube.com\/embed\/gktxenhtG6M?feature=oembed\" frameborder=\"0\" allow=\"accelerometer; autoplay; clipboard-write; encrypted-media; gyroscope; picture-in-picture; web-share\" referrerpolicy=\"strict-origin-when-cross-origin\" allowfullscreen><\/iframe>\n<\/div><\/figure>\n<\/div>\n<\/div>\n\n\n\n<hr class=\"wp-block-separator has-alpha-channel-opacity\"\/>\n\n\n\n<div class=\"wp-block-columns is-layout-flex wp-container-core-columns-is-layout-28f84493 wp-block-columns-is-layout-flex\">\n<div class=\"wp-block-column is-layout-flow wp-block-column-is-layout-flow\">\n<h4 class=\"wp-block-heading\">Anxiety in the breast cancer trajectory<\/h4>\n\n\n\n<p>Ways to help manage anxiety during the pre-diagnosis period and throughout the breast cancer journey will be discussed, such as the listening and information line (1-855-561-ROSE) launched to support people going through the diagnosis process. What&#8217;s special about this project is that the respondents are peer helpers, breast cancer survivors who have lived through the difficult period of waiting for a diagnosis.<\/p>\n<\/div>\n\n\n\n<div class=\"wp-block-column is-layout-flow wp-block-column-is-layout-flow\">\n<figure class=\"wp-block-embed is-type-video is-provider-youtube wp-block-embed-youtube wp-embed-aspect-16-9 wp-has-aspect-ratio\"><div class=\"wp-block-embed__wrapper\">\n<iframe title=\"Anxi\u00e9t\u00e9 dans la trajectoire du cancer du sein - Forum Sant\u00e9 des seins 2022 - Partie 7\/7\" width=\"500\" height=\"281\" src=\"https:\/\/www.youtube.com\/embed\/s_LpaQPALVw?feature=oembed\" frameborder=\"0\" allow=\"accelerometer; autoplay; clipboard-write; encrypted-media; gyroscope; picture-in-picture; web-share\" referrerpolicy=\"strict-origin-when-cross-origin\" allowfullscreen><\/iframe>\n<\/div><figcaption class=\"wp-element-caption\"><strong>Closing interview with breast cancer survivor Lucie Lacombe and psychologist S\u00e9bastien Simard.<\/strong><\/figcaption><\/figure>\n<\/div>\n<\/div>\n","protected":false},"excerpt":{"rendered":"<p>The Breast Health Forum is an annual event that brings together the general public and the scientific community to present major advances in breast cancer. Each year, the Quebec Breast Cancer Foundation welcomes speakers from Quebec to present the state of research in this field. \u00a0The theme was Advances in research: from laboratory studies to&hellip;<\/p>\n","protected":false},"author":7,"featured_media":0,"parent":8550,"menu_order":0,"comment_status":"closed","ping_status":"closed","template":"","meta":{"_acf_changed":false,"_relevanssi_hide_post":"","_relevanssi_hide_content":"","_relevanssi_pin_for_all":"","_relevanssi_pin_keywords":"","_relevanssi_unpin_keywords":"","_relevanssi_related_keywords":"","_relevanssi_related_include_ids":"","_relevanssi_related_exclude_ids":"","_relevanssi_related_no_append":"","_relevanssi_related_not_related":"","_relevanssi_related_posts":"1431,1547,1380,1582,1443,1567","_relevanssi_noindex_reason":"","footnotes":""},"service":[],"persona":[],"class_list":["post-8865","page","type-page","status-publish","hentry"],"acf":[],"_links":{"self":[{"href":"https:\/\/rubanrose.wpbeta.vortexdev.com\/en\/wp-json\/wp\/v2\/pages\/8865","targetHints":{"allow":["GET"]}}],"collection":[{"href":"https:\/\/rubanrose.wpbeta.vortexdev.com\/en\/wp-json\/wp\/v2\/pages"}],"about":[{"href":"https:\/\/rubanrose.wpbeta.vortexdev.com\/en\/wp-json\/wp\/v2\/types\/page"}],"author":[{"embeddable":true,"href":"https:\/\/rubanrose.wpbeta.vortexdev.com\/en\/wp-json\/wp\/v2\/users\/7"}],"replies":[{"embeddable":true,"href":"https:\/\/rubanrose.wpbeta.vortexdev.com\/en\/wp-json\/wp\/v2\/comments?post=8865"}],"version-history":[{"count":0,"href":"https:\/\/rubanrose.wpbeta.vortexdev.com\/en\/wp-json\/wp\/v2\/pages\/8865\/revisions"}],"up":[{"embeddable":true,"href":"https:\/\/rubanrose.wpbeta.vortexdev.com\/en\/wp-json\/wp\/v2\/pages\/8550"}],"wp:attachment":[{"href":"https:\/\/rubanrose.wpbeta.vortexdev.com\/en\/wp-json\/wp\/v2\/media?parent=8865"}],"wp:term":[{"taxonomy":"service","embeddable":true,"href":"https:\/\/rubanrose.wpbeta.vortexdev.com\/en\/wp-json\/wp\/v2\/service?post=8865"},{"taxonomy":"persona","embeddable":true,"href":"https:\/\/rubanrose.wpbeta.vortexdev.com\/en\/wp-json\/wp\/v2\/persona?post=8865"}],"curies":[{"name":"wp","href":"https:\/\/api.w.org\/{rel}","templated":true}]}}